{"id":79,"date":"2022-04-12T07:58:59","date_gmt":"2022-04-12T07:58:59","guid":{"rendered":"https:\/\/startersites.io\/blocksy\/home-decor\/?post_type=product&#038;p=79"},"modified":"2025-12-02T08:16:45","modified_gmt":"2025-12-02T08:16:45","slug":"gabinetes-de-medicina-con-espejos-proveedor-oem","status":"publish","type":"product","link":"https:\/\/sellmirror.com\/es\/producto\/gabinetes-de-medicina-con-espejos-proveedor-oem\/","title":{"rendered":"Gabinetes de Medicinas con Espejos \u2013 Soluciones de Almacenamiento Elegantes para Ba\u00f1os Modernos"},"content":{"rendered":"<h2 data-start=\"213\" data-end=\"299\"><strong data-start=\"216\" data-end=\"299\">Gabinetes de Medicinas con Espejos \u2013 Soluciones de Almacenamiento Elegantes para Ba\u00f1os Modernos<\/strong><\/h2>\n<p><img loading=\"lazy\" decoding=\"async\" class=\"alignnone size-medium wp-image-1015\" src=\"https:\/\/sellmirror.com\/wp-content\/uploads\/2025\/12\/medicine-cabinet-18-300x300.jpg\" alt=\"botiquines con espejos\" width=\"300\" height=\"300\" srcset=\"https:\/\/sellmirror.com\/wp-content\/uploads\/2025\/12\/medicine-cabinet-18-300x300.jpg 300w, https:\/\/sellmirror.com\/wp-content\/uploads\/2025\/12\/medicine-cabinet-18-150x150.jpg 150w, https:\/\/sellmirror.com\/wp-content\/uploads\/2025\/12\/medicine-cabinet-18-12x12.jpg 12w, https:\/\/sellmirror.com\/wp-content\/uploads\/2025\/12\/medicine-cabinet-18-600x600.jpg 600w, https:\/\/sellmirror.com\/wp-content\/uploads\/2025\/12\/medicine-cabinet-18-100x100.jpg 100w, https:\/\/sellmirror.com\/wp-content\/uploads\/2025\/12\/medicine-cabinet-18.jpg 624w\" sizes=\"auto, (max-width: 300px) 100vw, 300px\" \/><img loading=\"lazy\" decoding=\"async\" class=\"alignnone size-medium wp-image-1010\" src=\"https:\/\/sellmirror.com\/wp-content\/uploads\/2025\/12\/medicine-cabinet-13-300x300.jpg\" alt=\"botiquines con espejos\" width=\"300\" height=\"300\" srcset=\"https:\/\/sellmirror.com\/wp-content\/uploads\/2025\/12\/medicine-cabinet-13-300x300.jpg 300w, https:\/\/sellmirror.com\/wp-content\/uploads\/2025\/12\/medicine-cabinet-13-150x150.jpg 150w, https:\/\/sellmirror.com\/wp-content\/uploads\/2025\/12\/medicine-cabinet-13-12x12.jpg 12w, https:\/\/sellmirror.com\/wp-content\/uploads\/2025\/12\/medicine-cabinet-13-600x600.jpg 600w, https:\/\/sellmirror.com\/wp-content\/uploads\/2025\/12\/medicine-cabinet-13-100x100.jpg 100w, https:\/\/sellmirror.com\/wp-content\/uploads\/2025\/12\/medicine-cabinet-13.jpg 624w\" sizes=\"auto, (max-width: 300px) 100vw, 300px\" \/><img loading=\"lazy\" decoding=\"async\" class=\"alignnone size-medium wp-image-1013\" src=\"https:\/\/sellmirror.com\/wp-content\/uploads\/2025\/12\/medicine-cabinet-16-247x300.jpg\" alt=\"botiquines con espejos\" width=\"247\" height=\"300\" srcset=\"https:\/\/sellmirror.com\/wp-content\/uploads\/2025\/12\/medicine-cabinet-16-247x300.jpg 247w, https:\/\/sellmirror.com\/wp-content\/uploads\/2025\/12\/medicine-cabinet-16-10x12.jpg 10w, https:\/\/sellmirror.com\/wp-content\/uploads\/2025\/12\/medicine-cabinet-16.jpg 510w\" sizes=\"auto, (max-width: 247px) 100vw, 247px\" \/><\/p>\n<p data-start=\"301\" data-end=\"575\">Los botiquines con espejos se est\u00e1n convirtiendo en una caracter\u00edstica clave en las actualizaciones de ba\u00f1os residenciales y comerciales modernos. Combinan un espejo funcional con un almacenamiento oculto, ayudando a los propietarios, constructores y contratistas a maximizar el espacio mientras logran un aspecto limpio y contempor\u00e1neo.<\/p>\n<p data-start=\"577\" data-end=\"886\"><strong data-start=\"577\" data-end=\"597\">Havenseek Espejo<\/strong> se especializa en la fabricaci\u00f3n de productos premium <strong data-start=\"635\" data-end=\"669\">botiquines con espejos<\/strong> dise\u00f1ado para distribuidores globales, desarrolladores y marcas de renovaci\u00f3n. Con capacidades avanzadas de producci\u00f3n y personalizaci\u00f3n OEM\/ODM, ofrecemos soluciones de almacenamiento de ba\u00f1o de alta calidad adecuadas para diversos mercados GEO.<\/p>\n<hr data-start=\"888\" data-end=\"891\" \/>\n<h2 data-start=\"893\" data-end=\"964\"><strong data-start=\"896\" data-end=\"964\">Por qu\u00e9 elegir <a href=\"https:\/\/sellmirror.com\/es\/categoria-producto\/botiquin\/\">Botiquines con Espejos<\/a> \u00bfde Havenseek Mirror?<\/strong><\/h2>\n<h3 data-start=\"966\" data-end=\"1009\"><strong data-start=\"970\" data-end=\"1009\">Dise\u00f1o dual de ahorro de espacio<\/strong><\/h3>\n<p data-start=\"1010\" data-end=\"1047\">Un botiqu\u00edn de espejo proporciona:<\/p>\n<ul data-start=\"1048\" data-end=\"1152\">\n<li data-start=\"1048\" data-end=\"1083\">\n<p data-start=\"1050\" data-end=\"1083\">Un espejo claro y de alta definici\u00f3n<\/p>\n<\/li>\n<li data-start=\"1084\" data-end=\"1118\">\n<p data-start=\"1086\" data-end=\"1118\">Estantes ocultos detr\u00e1s de la puerta<\/p>\n<\/li>\n<li data-start=\"1119\" data-end=\"1152\">\n<p data-start=\"1121\" data-end=\"1152\">Acceso f\u00e1cil a art\u00edculos cotidianos<\/p>\n<\/li>\n<\/ul>\n<p data-start=\"1154\" data-end=\"1255\">Este concepto de doble prop\u00f3sito ayuda a reducir el desorden en la encimera y mejora la organizaci\u00f3n general del ba\u00f1o.<\/p>\n<h3 data-start=\"1257\" data-end=\"1319\"><strong data-start=\"1261\" data-end=\"1319\">2. Construcci\u00f3n Duradera para Entornos de Alta Humedad<\/strong><\/h3>\n<p data-start=\"1320\" data-end=\"1413\">Nuestro <a href=\"https:\/\/sellmirror.com\/es\/\">botiquines con espejos<\/a> est\u00e1n hechos de materiales seleccionados para la durabilidad a largo plazo:<\/p>\n<ul data-start=\"1414\" data-end=\"1559\">\n<li data-start=\"1414\" data-end=\"1460\">\n<p data-start=\"1416\" data-end=\"1460\">Aluminio o acero inoxidable resistente a la corrosi\u00f3n<\/p>\n<\/li>\n<li data-start=\"1461\" data-end=\"1499\">\n<p data-start=\"1463\" data-end=\"1499\">Espejos HD templados o sin cobre<\/p>\n<\/li>\n<li data-start=\"1500\" data-end=\"1537\">\n<p data-start=\"1502\" data-end=\"1537\">Construcci\u00f3n de marco a prueba de humedad<\/p>\n<\/li>\n<li data-start=\"1538\" data-end=\"1559\">\n<p data-start=\"1540\" data-end=\"1559\">Bisagras de cierre suave<\/p>\n<\/li>\n<\/ul>\n<p data-start=\"1561\" data-end=\"1663\">Estas caracter\u00edsticas aseguran que los armarios permanezcan funcionales y atractivos incluso en condiciones de humedad en el ba\u00f1o.<\/p>\n<h3 data-start=\"1665\" data-end=\"1723\"><strong data-start=\"1669\" data-end=\"1723\">3. M\u00faltiples opciones de montaje para diferentes mercados<\/strong><\/h3>\n<p data-start=\"1724\" data-end=\"1767\">Para coincidir con las preferencias de instalaci\u00f3n regional:<\/p>\n<ul data-start=\"1768\" data-end=\"1965\">\n<li data-start=\"1768\" data-end=\"1822\">\n<p data-start=\"1770\" data-end=\"1822\"><strong data-start=\"1770\" data-end=\"1791\">Montaje empotrado<\/strong> \u2014 popular en EE. UU. y Canad\u00e1<\/p>\n<\/li>\n<li data-start=\"1823\" data-end=\"1900\">\n<p data-start=\"1825\" data-end=\"1900\"><strong data-start=\"1825\" data-end=\"1845\">Montaje en superficie<\/strong> \u2014 preferido en Europa, Australia y el sudeste asi\u00e1tico<\/p>\n<\/li>\n<li data-start=\"1901\" data-end=\"1965\">\n<p data-start=\"1903\" data-end=\"1965\"><strong data-start=\"1903\" data-end=\"1934\">Opciones de instalaci\u00f3n h\u00edbrida<\/strong> \u2014 para necesidades de proyecto flexibles<\/p>\n<\/li>\n<\/ul>\n<p data-start=\"1967\" data-end=\"2048\">Las tallas disponibles incluyen 16\u2033, 20\u2033, 24\u2033, 30\u2033, 36\u2033, 48\u2033, adem\u00e1s de dimensiones personalizadas de OEM.<\/p>\n<h3 data-start=\"2050\" data-end=\"2100\"><strong data-start=\"2054\" data-end=\"2100\">4. Dise\u00f1os personalizables para pedidos OEM\/ODM<\/strong><\/h3>\n<p data-start=\"2101\" data-end=\"2155\">Havenseek Mirror ofrece soluciones de producci\u00f3n personalizadas:<\/p>\n<ul data-start=\"2156\" data-end=\"2438\">\n<li data-start=\"2156\" data-end=\"2199\">\n<p data-start=\"2158\" data-end=\"2199\">Opciones de marca de logo y etiqueta privada<\/p>\n<\/li>\n<li data-start=\"2200\" data-end=\"2255\">\n<p data-start=\"2202\" data-end=\"2255\">Tipo de espejo personalizado: LED, anti-vapor, doble cara<\/p>\n<\/li>\n<li data-start=\"2256\" data-end=\"2291\">\n<p data-start=\"2258\" data-end=\"2291\">Personalizaci\u00f3n de estanter\u00edas internas<\/p>\n<\/li>\n<li data-start=\"2292\" data-end=\"2354\">\n<p data-start=\"2294\" data-end=\"2354\">Dise\u00f1o de envases basado en los requisitos del minorista o del proyecto<\/p>\n<\/li>\n<li data-start=\"2355\" data-end=\"2438\">\n<p data-start=\"2357\" data-end=\"2438\">Acabados de marco m\u00faltiples: aluminio cepillado, negro mate, cromo, blanco y m\u00e1s<\/p>\n<\/li>\n<\/ul>\n<p data-start=\"2440\" data-end=\"2587\">Estos servicios hacen que nuestros armarios sean adecuados para mayoristas, desarrolladores de proyectos y marcas de comercio electr\u00f3nico que buscan una l\u00ednea de productos \u00fanica y competitiva.<\/p>\n<section>\n<h2><img loading=\"lazy\" decoding=\"async\" class=\"alignnone size-medium wp-image-1070\" src=\"https:\/\/sellmirror.com\/wp-content\/uploads\/2025\/12\/mirror-cabinet-19-300x300.jpg\" alt=\"botiquines con espejos\" width=\"300\" height=\"300\" srcset=\"https:\/\/sellmirror.com\/wp-content\/uploads\/2025\/12\/mirror-cabinet-19-300x300.jpg 300w, https:\/\/sellmirror.com\/wp-content\/uploads\/2025\/12\/mirror-cabinet-19-150x150.jpg 150w, https:\/\/sellmirror.com\/wp-content\/uploads\/2025\/12\/mirror-cabinet-19-768x768.jpg 768w, https:\/\/sellmirror.com\/wp-content\/uploads\/2025\/12\/mirror-cabinet-19-12x12.jpg 12w, https:\/\/sellmirror.com\/wp-content\/uploads\/2025\/12\/mirror-cabinet-19-600x600.jpg 600w, https:\/\/sellmirror.com\/wp-content\/uploads\/2025\/12\/mirror-cabinet-19-100x100.jpg 100w, https:\/\/sellmirror.com\/wp-content\/uploads\/2025\/12\/mirror-cabinet-19.jpg 1000w\" sizes=\"auto, (max-width: 300px) 100vw, 300px\" \/><img loading=\"lazy\" decoding=\"async\" class=\"alignnone size-medium wp-image-1051\" src=\"https:\/\/sellmirror.com\/wp-content\/uploads\/2025\/12\/mirror-cabinet-6-300x300.jpg\" alt=\"botiquines con espejos\" width=\"300\" height=\"300\" srcset=\"https:\/\/sellmirror.com\/wp-content\/uploads\/2025\/12\/mirror-cabinet-6-300x300.jpg 300w, https:\/\/sellmirror.com\/wp-content\/uploads\/2025\/12\/mirror-cabinet-6-150x150.jpg 150w, https:\/\/sellmirror.com\/wp-content\/uploads\/2025\/12\/mirror-cabinet-6-768x768.jpg 768w, https:\/\/sellmirror.com\/wp-content\/uploads\/2025\/12\/mirror-cabinet-6-12x12.jpg 12w, https:\/\/sellmirror.com\/wp-content\/uploads\/2025\/12\/mirror-cabinet-6-600x600.jpg 600w, https:\/\/sellmirror.com\/wp-content\/uploads\/2025\/12\/mirror-cabinet-6-100x100.jpg 100w, https:\/\/sellmirror.com\/wp-content\/uploads\/2025\/12\/mirror-cabinet-6.jpg 1000w\" sizes=\"auto, (max-width: 300px) 100vw, 300px\" \/><\/h2>\n<h2>Integraci\u00f3n del dise\u00f1o: unificando forma y funci\u00f3n<\/h2>\n<p>La implementaci\u00f3n exitosa de botiquines con espejos depende de una cuidadosa consideraci\u00f3n de c\u00f3mo estos elementos se integran con el dise\u00f1o general del ba\u00f1o. La unidad entre la funcionalidad de almacenamiento y las superficies reflectantes crea una est\u00e9tica cohesiva mientras se abordan las necesidades pr\u00e1cticas.<\/p>\n<div class=\"solution-grid\">\n<div class=\"solution-card\">\n<h3>Estrategias de Continuidad Visual<\/h3>\n<p>Los botiquines con espejos logran continuidad visual a trav\u00e9s de la alineaci\u00f3n de los marcos con otros elementos del ba\u00f1o, creando un lenguaje de dise\u00f1o unificado. La superficie reflectante puede posicionarse estrat\u00e9gicamente para capturar y distribuir la luz por todo el espacio, mejorando tanto la iluminaci\u00f3n como la sensaci\u00f3n de volumen. El componente del botiqu\u00edn proporciona un almacenamiento discreto que reduce el desorden visual, contribuyendo a una apariencia m\u00e1s limpia y organizada.<\/p>\n<\/div>\n<div class=\"solution-card\">\n<h3>Relaciones proporcionales<\/h3>\n<p>La relaci\u00f3n de escala entre el armario de medicinas y los componentes del espejo impacta significativamente tanto en la funcionalidad como en la est\u00e9tica. Los espejos de tama\u00f1o adecuado proporcionan una reflexi\u00f3n adecuada para las necesidades del usuario, al tiempo que mantienen un equilibrio con la capacidad de almacenamiento de la parte del armario. Las proporciones deben relacionarse con otros elementos del ba\u00f1o, particularmente los lavabos y el espacio de pared circundante, para crear composiciones armoniosas.<\/p>\n<\/div>\n<div class=\"solution-card\">\n<h3>T\u00e9cnicas de Integraci\u00f3n de Estilos<\/h3>\n<p>La integraci\u00f3n exitosa del estilo implica coordinar el botiqu\u00edn y el espejo con el tema de dise\u00f1o general del ba\u00f1o. Esto incluye seleccionar perfiles de marco, acabados y detalles apropiados que complementen otros elementos en el espacio. La integraci\u00f3n debe considerar tanto la apariencia cuando el gabinete est\u00e1 cerrado como el sistema organizativo visible cuando est\u00e1 abierto.<\/p>\n<\/div>\n<\/div>\n<\/section>\n<section>\n<h2>Estrategias de Configuraci\u00f3n Espec\u00edficas del Espacio<\/h2>\n<p>Diferentes distribuciones y tama\u00f1os de ba\u00f1o requieren enfoques personalizados para la integraci\u00f3n del botiqu\u00edn y el espejo. Comprender estas consideraciones espec\u00edficas del espacio garantiza una funcionalidad \u00f3ptima y un atractivo est\u00e9tico en diversas situaciones.<\/p>\n<table class=\"configuration-table\">\n<thead>\n<tr>\n<th>Tipo de espacio<\/th>\n<th>Configuraci\u00f3n recomendada<\/th>\n<th>Relaci\u00f3n Espejo-Armario<\/th>\n<th>Ubicaci\u00f3n \u00f3ptima<\/th>\n<\/tr>\n<\/thead>\n<tbody>\n<tr>\n<td><strong>Salas de polvo compactas<\/strong><\/td>\n<td>Instalaci\u00f3n empotrada con espejo sin marco<\/td>\n<td>Alto porcentaje de espejo (70-80%)<\/td>\n<td>Directamente encima del tocador, centrado en la pared<\/td>\n<\/tr>\n<tr>\n<td><strong>Ba\u00f1os Familiares Est\u00e1ndar<\/strong><\/td>\n<td>Montado en superficie con iluminaci\u00f3n integrada<\/td>\n<td>Relaci\u00f3n equilibrada (espejo 60-70%)<\/td>\n<td>Agrupado con otros elementos verticales<\/td>\n<\/tr>\n<tr>\n<td><strong>Ba\u00f1os principales<\/strong><\/td>\n<td>Ancho extendido con m\u00faltiples compartimentos<\/td>\n<td>Porcentaje de espejo inferior m\u00e1s bajo (50-60%)<\/td>\n<td>Como parte de una composici\u00f3n de pared de vanidad<\/td>\n<\/tr>\n<tr>\n<td><strong>Ba\u00f1os de invitados<\/strong><\/td>\n<td>Perfil medio con elementos decorativos<\/td>\n<td>Variable basada en las necesidades de almacenamiento<\/td>\n<td>Punto focal en la pared principal<\/td>\n<\/tr>\n<\/tbody>\n<\/table>\n<\/section>\n<section>\n<h2>Funciones innovadoras que mejoran la funcionalidad dual<\/h2>\n<p>Moderno <a href=\"https:\/\/sellmirror.com\/es\/categoria-producto\/botiquin\/\">botiquines con espejos<\/a> incorporar caracter\u00edsticas avanzadas que ampl\u00edan su utilidad m\u00e1s all\u00e1 del almacenamiento b\u00e1sico y la reflexi\u00f3n. Estas innovaciones abordan necesidades espec\u00edficas de los usuarios manteniendo el perfil eficiente en espacio que define esta categor\u00eda de productos.<\/p>\n<div class=\"solution-grid\">\n<div class=\"solution-card\">\n<h3>Sistemas de Iluminaci\u00f3n Integrados<\/h3>\n<p>Los gabinetes de medicina avanzados con espejos ahora incorporan soluciones de iluminaci\u00f3n sofisticadas que mejoran tanto la funcionalidad como la ambientaci\u00f3n. La integraci\u00f3n de LED proporciona una iluminaci\u00f3n \u00f3ptima para tareas de aseo mientras contribuye al esquema de iluminaci\u00f3n general del ba\u00f1o. Estos sistemas a menudo incluyen temperaturas de color ajustables y capacidades de atenuaci\u00f3n, lo que permite a los usuarios personalizar las condiciones de iluminaci\u00f3n para diferentes momentos del d\u00eda y tareas espec\u00edficas.<\/p>\n<\/div>\n<div class=\"solution-card\">\n<h3>Tecnolog\u00eda Antivaho<\/h3>\n<p>Los componentes de espejo en los armarios de medicina est\u00e1n presentando cada vez m\u00e1s tecnolog\u00eda antiempa\u00f1ante que mantiene la claridad en ambientes de ba\u00f1o con vapor. Esta innovaci\u00f3n t\u00edpicamente implica elementos calefactores incrustados que evitan que se forme condensaci\u00f3n en la superficie del espejo. La tecnolog\u00eda asegura que el espejo siga siendo funcional inmediatamente despu\u00e9s de las duchas, abordando una molestia com\u00fan en el dise\u00f1o de ba\u00f1os.<\/p>\n<p><img loading=\"lazy\" decoding=\"async\" class=\"alignnone size-medium wp-image-1021\" src=\"https:\/\/sellmirror.com\/wp-content\/uploads\/2025\/12\/medicine-cabinet-24-255x300.jpg\" alt=\"botiquines con espejos\" width=\"255\" height=\"300\" srcset=\"https:\/\/sellmirror.com\/wp-content\/uploads\/2025\/12\/medicine-cabinet-24-255x300.jpg 255w, https:\/\/sellmirror.com\/wp-content\/uploads\/2025\/12\/medicine-cabinet-24-10x12.jpg 10w, https:\/\/sellmirror.com\/wp-content\/uploads\/2025\/12\/medicine-cabinet-24.jpg 595w\" sizes=\"auto, (max-width: 255px) 100vw, 255px\" \/><\/p>\n<\/div>\n<\/div>\n<\/section>\n<h2 data-start=\"2594\" data-end=\"2664\"><strong data-start=\"2597\" data-end=\"2664\">Caracter\u00edsticas clave de los armarios m\u00e9dicos Havenseek con espejos<\/strong><\/h2>\n<ul data-start=\"2665\" data-end=\"2977\">\n<li data-start=\"2665\" data-end=\"2700\">\n<p data-start=\"2667\" data-end=\"2700\">Espejo exterior de alta definici\u00f3n<\/p>\n<\/li>\n<li data-start=\"2701\" data-end=\"2732\">\n<p data-start=\"2703\" data-end=\"2732\">Estantes internos ajustables<\/p>\n<\/li>\n<li data-start=\"2733\" data-end=\"2780\">\n<p data-start=\"2735\" data-end=\"2780\">Cuerpo de aluminio o acero inoxidable a prueba de \u00f3xido<\/p>\n<\/li>\n<li data-start=\"2781\" data-end=\"2808\">\n<p data-start=\"2783\" data-end=\"2808\">Sistema de bisagra de cierre suave<\/p>\n<\/li>\n<li data-start=\"2809\" data-end=\"2850\">\n<p data-start=\"2811\" data-end=\"2850\">Iluminaci\u00f3n LED opcional y tecnolog\u00eda antivaho<\/p>\n<\/li>\n<li data-start=\"2851\" data-end=\"2892\">\n<p data-start=\"2853\" data-end=\"2892\">Instalaci\u00f3n f\u00e1cil y amigable para contratistas<\/p>\n<\/li>\n<li data-start=\"2893\" data-end=\"2929\">\n<p data-start=\"2895\" data-end=\"2929\">Amplia gama de tama\u00f1os y acabados<\/p>\n<\/li>\n<li data-start=\"2930\" data-end=\"2977\">\n<p data-start=\"2932\" data-end=\"2977\">OEM y ODM soportados para suministro a gran volumen<\/p>\n<\/li>\n<\/ul>\n<hr data-start=\"2979\" data-end=\"2982\" \/>\n<h2 data-start=\"2984\" data-end=\"3003\"><strong data-start=\"2987\" data-end=\"3003\">Aplicaciones<\/strong><\/h2>\n<p data-start=\"3004\" data-end=\"3049\">Nuestros gabinetes de medicina con espejo son ideales para:<\/p>\n<ul data-start=\"3050\" data-end=\"3217\">\n<li data-start=\"3050\" data-end=\"3086\">\n<p data-start=\"3052\" data-end=\"3086\">Renovaciones de ba\u00f1os residenciales<\/p>\n<\/li>\n<li data-start=\"3087\" data-end=\"3113\">\n<p data-start=\"3089\" data-end=\"3113\">Nuevos proyectos de apartamentos<\/p>\n<\/li>\n<li data-start=\"3114\" data-end=\"3150\">\n<p data-start=\"3116\" data-end=\"3150\">Hoteles, casas de hu\u00e9spedes y complejos tur\u00edsticos<\/p>\n<\/li>\n<li data-start=\"3151\" data-end=\"3175\">\n<p data-start=\"3153\" data-end=\"3175\">Ba\u00f1os comerciales<\/p>\n<\/li>\n<li data-start=\"3176\" data-end=\"3217\">\n<p data-start=\"3178\" data-end=\"3217\">Mayoristas B2B y marcas de comercio electr\u00f3nico<\/p>\n<\/li>\n<\/ul>\n<hr data-start=\"3219\" data-end=\"3222\" \/>\n<h1 data-start=\"3224\" data-end=\"3279\">\u2b50 <strong data-start=\"3228\" data-end=\"3279\">Especificaciones del producto (Ejemplo \u2013 Personalizable)<\/strong><\/h1>\n<div class=\"_tableContainer_1rjym_1\">\n<div class=\"group _tableWrapper_1rjym_13 flex w-fit flex-col-reverse\" tabindex=\"-1\">\n<table class=\"w-fit min-w-(--thread-content-width)\" data-start=\"3281\" data-end=\"3834\">\n<thead data-start=\"3281\" data-end=\"3303\">\n<tr data-start=\"3281\" data-end=\"3303\">\n<th data-start=\"3281\" data-end=\"3288\" data-col-size=\"sm\">Art\u00edculo<\/th>\n<th data-start=\"3288\" data-end=\"3303\" data-col-size=\"md\">Descripci\u00f3n<\/th>\n<\/tr>\n<\/thead>\n<tbody data-start=\"3327\" data-end=\"3834\">\n<tr data-start=\"3327\" data-end=\"3374\">\n<td data-start=\"3327\" data-end=\"3342\" data-col-size=\"sm\">Nombre del producto<\/td>\n<td data-col-size=\"md\" data-start=\"3342\" data-end=\"3374\">Botiqu\u00edn con Espejo<\/td>\n<\/tr>\n<tr data-start=\"3375\" data-end=\"3403\">\n<td data-start=\"3375\" data-end=\"3383\" data-col-size=\"sm\">Marca<\/td>\n<td data-col-size=\"md\" data-start=\"3383\" data-end=\"3403\">Havenseek Espejo<\/td>\n<\/tr>\n<tr data-start=\"3404\" data-end=\"3451\">\n<td data-start=\"3404\" data-end=\"3415\" data-col-size=\"sm\">Material<\/td>\n<td data-start=\"3415\" data-end=\"3451\" data-col-size=\"md\">Aluminio \/ Acero Inoxidable \/ MDF<\/td>\n<\/tr>\n<tr data-start=\"3452\" data-end=\"3520\">\n<td data-start=\"3452\" data-end=\"3469\" data-col-size=\"sm\">Opciones de Espejo<\/td>\n<td data-col-size=\"md\" data-start=\"3469\" data-end=\"3520\">Espejo templado, espejo sin cobre, espejo LED<\/td>\n<\/tr>\n<tr data-start=\"3521\" data-end=\"3583\">\n<td data-start=\"3521\" data-end=\"3536\" data-col-size=\"sm\">Acabado del marco<\/td>\n<td data-col-size=\"md\" data-start=\"3536\" data-end=\"3583\">Negro mate cepillado, cromado, blanco, personalizado<\/td>\n<\/tr>\n<tr data-start=\"3584\" data-end=\"3626\">\n<td data-start=\"3584\" data-end=\"3595\" data-col-size=\"sm\">Montaje<\/td>\n<td data-col-size=\"md\" data-start=\"3595\" data-end=\"3626\">Empotrado \/ Superficie \/ H\u00edbrido<\/td>\n<\/tr>\n<tr data-start=\"3627\" data-end=\"3671\">\n<td data-start=\"3627\" data-end=\"3637\" data-col-size=\"sm\">Almacenamiento<\/td>\n<td data-col-size=\"md\" data-start=\"3637\" data-end=\"3671\">Estantes ajustables de m\u00faltiples niveles<\/td>\n<\/tr>\n<tr data-start=\"3672\" data-end=\"3733\">\n<td data-start=\"3672\" data-end=\"3692\" data-col-size=\"sm\">Funciones opcionales<\/td>\n<td data-col-size=\"md\" data-start=\"3692\" data-end=\"3733\">Antivaho, luces LED, espejo interno<\/td>\n<\/tr>\n<tr data-start=\"3734\" data-end=\"3773\">\n<td data-start=\"3734\" data-end=\"3740\" data-col-size=\"sm\">MOQ<\/td>\n<td data-col-size=\"md\" data-start=\"3740\" data-end=\"3773\">100\u2013300 pcs (var\u00eda seg\u00fan el modelo)<\/td>\n<\/tr>\n<tr data-start=\"3774\" data-end=\"3834\">\n<td data-start=\"3774\" data-end=\"3784\" data-col-size=\"sm\">OEM\/ODM<\/td>\n<td data-col-size=\"md\" data-start=\"3784\" data-end=\"3834\">Compatible con tama\u00f1o, color, packaging, marca<\/td>\n<\/tr>\n<\/tbody>\n<\/table>\n<\/div>\n<\/div>\n<hr data-start=\"3836\" data-end=\"3839\" \/>\n<h1 data-start=\"3841\" data-end=\"3888\">\u2b50 <strong data-start=\"3845\" data-end=\"3888\">Por qu\u00e9 los mayoristas eligen Havenseek Mirror<\/strong><\/h1>\n<p data-start=\"3889\" data-end=\"3978\">Como fabricante dedicado de armarios de espejos de ba\u00f1o, <strong data-start=\"3946\" data-end=\"3966\">Havenseek Espejo<\/strong> se centra en:<\/p>\n<ul data-start=\"3979\" data-end=\"4175\">\n<li data-start=\"3979\" data-end=\"4012\">\n<p data-start=\"3981\" data-end=\"4012\">Producci\u00f3n estable a gran escala<\/p>\n<\/li>\n<li data-start=\"4013\" data-end=\"4041\">\n<p data-start=\"4015\" data-end=\"4041\">Control de calidad confiable<\/p>\n<\/li>\n<li data-start=\"4042\" data-end=\"4087\">\n<p data-start=\"4044\" data-end=\"4087\">Personalizaci\u00f3n flexible para mercados globales<\/p>\n<\/li>\n<li data-start=\"4088\" data-end=\"4119\">\n<p data-start=\"4090\" data-end=\"4119\">Precios competitivos de f\u00e1brica<\/p>\n<\/li>\n<li data-start=\"4120\" data-end=\"4175\">\n<p data-start=\"4122\" data-end=\"4175\">Apoyo profesional para asociaciones B2B a largo plazo<\/p>\n<\/li>\n<\/ul>\n<p data-start=\"4177\" data-end=\"4268\">Nuestros productos se suministran ampliamente a Am\u00e9rica del Norte, Europa, Australia y mercados emergentes.<\/p>","protected":false},"excerpt":{"rendered":"<p>Elegantes, funcionales y personalizables\u2014los espejos de los gabinetes de medicina Havenseek ofrecen soluciones de almacenamiento de primera calidad para ba\u00f1os modernos. Ideal para mayoristas, constructores y marcas OEM globales.<\/p>\n<div class=\"wp-block-stackable-button-group stk-block-button-group stk-block stk-6b6ab5a\" data-block-id=\"6b6ab5a\">\n<div class=\"stk-row stk-inner-blocks stk-block-content stk-button-group\">\n<p><!-- wp:stackable\/button {\"uniqueId\":\"c24101b\",\"openPopupId\":\"681\"} --><\/p>\n<div class=\"wp-block-stackable-button stk-block-button popmake-681 stk-block stk-c24101b popmake-681\" data-block-id=\"c24101b\"><a class=\"stk-link stk-button stk--hover-effect-darken\"><span class=\"stk-button__inner-text\">Necesito Cotizaci\u00f3n<\/span><\/a><\/div>\n<p><!-- \/wp:stackable\/button --><\/p>\n<\/div>\n<\/div>","protected":false},"featured_media":1061,"template":"","meta":[],"product_brand":[],"product_cat":[35],"product_tag":[],"class_list":{"0":"post-79","1":"product","2":"type-product","3":"status-publish","4":"has-post-thumbnail","6":"product_cat-medicine-cabinet","8":"first","9":"instock","10":"shipping-taxable","11":"product-type-simple"},"_links":{"self":[{"href":"https:\/\/sellmirror.com\/es\/wp-json\/wp\/v2\/product\/79","targetHints":{"allow":["GET"]}}],"collection":[{"href":"https:\/\/sellmirror.com\/es\/wp-json\/wp\/v2\/product"}],"about":[{"href":"https:\/\/sellmirror.com\/es\/wp-json\/wp\/v2\/types\/product"}],"wp:featuredmedia":[{"embeddable":true,"href":"https:\/\/sellmirror.com\/es\/wp-json\/wp\/v2\/media\/1061"}],"wp:attachment":[{"href":"https:\/\/sellmirror.com\/es\/wp-json\/wp\/v2\/media?parent=79"}],"wp:term":[{"taxonomy":"product_brand","embeddable":true,"href":"https:\/\/sellmirror.com\/es\/wp-json\/wp\/v2\/product_brand?post=79"},{"taxonomy":"product_cat","embeddable":true,"href":"https:\/\/sellmirror.com\/es\/wp-json\/wp\/v2\/product_cat?post=79"},{"taxonomy":"product_tag","embeddable":true,"href":"https:\/\/sellmirror.com\/es\/wp-json\/wp\/v2\/product_tag?post=79"}],"curies":[{"name":"wp","href":"https:\/\/api.w.org\/{rel}","templated":true}]}}