{"id":1300,"date":"2025-12-18T12:29:24","date_gmt":"2025-12-18T12:29:24","guid":{"rendered":"https:\/\/sellmirror.com\/?post_type=product&#038;p=1300"},"modified":"2025-12-18T13:08:46","modified_gmt":"2025-12-18T13:08:46","slug":"miroirs-de-salon-de-beaute-personnalises-pour-studio-de-coiffure","status":"publish","type":"product","link":"https:\/\/sellmirror.com\/fr\/produit\/miroirs-de-salon-de-beaute-personnalises-pour-studio-de-coiffure\/","title":{"rendered":"Miroirs de salon de beaut\u00e9 personnalis\u00e9s pour studios de coiffure et de maquillage"},"content":{"rendered":"<h1>Miroirs de beaut\u00e9 personnalis\u00e9s pour salons de coiffure et studios de maquillage<\/h1>\n<p><strong>Miroirs de salon de beaut\u00e9<\/strong> ne sont pas seulement des \u00e9l\u00e9ments d\u00e9coratifs \u2014 ce sont des outils de travail essentiels dans les salons professionnels, les studios de maquillage et les cha\u00eenes de beaut\u00e9. Les bons miroirs de salon de beaut\u00e9 influencent directement la pr\u00e9cision de l'\u00e9clairage, la perception des couleurs, la satisfaction des clients et m\u00eame l'efficacit\u00e9 des stylistes. C'est pourquoi les acheteurs professionnels regardent de plus en plus au-del\u00e0 des miroirs de base et se concentrent sur des solutions de qualit\u00e9 commerciale.<\/p>\n<p>Avec des tailles personnalisables, une performance optique fiable et un contr\u00f4le qualit\u00e9 pr\u00eat pour l'exportation, notre <strong>miroirs de salon de beaut\u00e9<\/strong> aider les \u00e9quipes d'approvisionnement \u00e0 r\u00e9duire les risques \u00e0 long terme tout en am\u00e9liorant les r\u00e9sultats globaux des projets.<\/p>\n<p><strong>Expertise produit fournie par Kevin Zhang - 15 ans en tant que responsable des exportations, sp\u00e9cialis\u00e9 dans les produits en verre commercial, a servi 800 clients B2B dans 50 pays.<\/strong><\/p>\n<p><!-- Table of Contents --><\/p>\n<h2>Table des mati\u00e8res<\/h2>\n<ul>\n<li><a href=\"#overview\">Aper\u00e7u du produit<\/a><\/li>\n<li><a href=\"#selling-points\">Points de vente essentiels<\/a><\/li>\n<li><a href=\"#applications\">Sc\u00e9narios d'application<\/a><\/li>\n<li><a href=\"#specifications\">Sp\u00e9cifications techniques<\/a><\/li>\n<li><a href=\"#comparison\">Comparaison concurrentielle<\/a><\/li>\n<li><a href=\"#buying-guide\">Guide d'achat B2B<\/a><\/li>\n<li><a href=\"#faq\">Questions Fr\u00e9quemment Pos\u00e9es<\/a><\/li>\n<\/ul>\n<h2 id=\"overview\">Aper\u00e7u du produit<\/h2>\n<p><img loading=\"lazy\" decoding=\"async\" class=\"alignnone wp-image-1378\" src=\"https:\/\/sellmirror.com\/wp-content\/uploads\/2025\/12\/beauty-salon-mirrors-2-1-1024x520.jpg\" alt=\"miroirs de salon de beaut\u00e9\" width=\"868\" height=\"441\" srcset=\"https:\/\/sellmirror.com\/wp-content\/uploads\/2025\/12\/beauty-salon-mirrors-2-1-1024x520.jpg 1024w, https:\/\/sellmirror.com\/wp-content\/uploads\/2025\/12\/beauty-salon-mirrors-2-1-300x152.jpg 300w, https:\/\/sellmirror.com\/wp-content\/uploads\/2025\/12\/beauty-salon-mirrors-2-1-768x390.jpg 768w, https:\/\/sellmirror.com\/wp-content\/uploads\/2025\/12\/beauty-salon-mirrors-2-1-1536x780.jpg 1536w, https:\/\/sellmirror.com\/wp-content\/uploads\/2025\/12\/beauty-salon-mirrors-2-1-2048x1041.jpg 2048w, https:\/\/sellmirror.com\/wp-content\/uploads\/2025\/12\/beauty-salon-mirrors-2-1-18x9.jpg 18w, https:\/\/sellmirror.com\/wp-content\/uploads\/2025\/12\/beauty-salon-mirrors-2-1-600x305.jpg 600w\" sizes=\"auto, (max-width: 868px) 100vw, 868px\" \/><\/p>\n<p>Ces personnalis\u00e9s <a href=\"https:\/\/sellmirror.com\/fr\/categorie-produit\/miroir\/\">miroirs de salon de beaut\u00e9<\/a> sont con\u00e7us pour le coiffage professionnel, l'application de maquillage et l'interaction quotidienne avec les clients. Fabriqu\u00e9s avec du verre miroir de qualit\u00e9 commerciale, ils offrent une r\u00e9flexion pr\u00e9cise sans distorsion, garantissant des r\u00e9sultats visuels fiables pour les professionnels de la beaut\u00e9.<\/p>\n<p>Contrairement aux miroirs standard, nos miroirs de salon de beaut\u00e9 sont optimis\u00e9s pour les environnements sujets \u00e0 l'humidit\u00e9, un nettoyage continu et de longues heures de travail. Cela les rend adapt\u00e9s aux salons, barbershops, studios de maquillage et centres de spa qui exigent des performances \u00e0 long terme.<\/p>\n<p>Grand miroir de salon de beaut\u00e9 mural install\u00e9 dans un salon de coiffure moderne, montrant un reflet clair et un \u00e9clairage professionnel<\/p>\n<p>Int\u00e9rieur de salon de coiffure commercial ultra-r\u00e9aliste avec un grand miroir de salon de beaut\u00e9 mural, un \u00e9clairage professionnel, des chaises de coiffure modernes, une atmosph\u00e8re propre et \u00e9l\u00e9gante.<\/p>\n<p>&nbsp;<\/p>\n<h2 id=\"optics\">Optiques de miroir de qualit\u00e9 professionnelle et champ de vision<\/h2>\n<p>La qualit\u00e9 du reflet est primordiale. Nous allons au-del\u00e0 du argentage standard pour offrir une exp\u00e9rience de visionnement fonctionnelle et sans distorsion.<\/p>\n<h3>Haute fid\u00e9lit\u00e9, <a href=\"https:\/\/sellmirror.com\/fr\/categorie-produit\/miroir\/\">Miroir en argent sans distorsion<\/a><\/h3>\n<p>Nous utilisons\u00a0<strong>verre flott\u00e9 avec un rev\u00eatement en argent sans cuivre haut de gamme<\/strong>\u00a0et plusieurs couches protectrices. Ce processus aboutit \u00e0 un reflet clair et brillant sans ondulations ni \u00ab fant\u00f4mes \u00bb, fournissant une image fid\u00e8le sur laquelle les professionnels peuvent compter pour une coupe et un d\u00e9tail pr\u00e9cis.<\/p>\n<h3>Fonctionnalit\u00e9 r\u00e9sistante au brouillard<\/h3>\n<p>Dans les zones de traitement et faciales, la bu\u00e9e sur le miroir est une annoyance constante. Notre option\u00a0<strong>film anti-bu\u00e9e int\u00e9gr\u00e9 ou \u00e9l\u00e9ment chauffant<\/strong>\u00a0maintient le miroir parfaitement clair m\u00eame dans des environnements humides, garantissant un service ininterrompu et une impression high-tech.<\/p>\n<h3>R\u00e9glage multi-angle et rotation fluide<\/h3>\n<p>Nos mod\u00e8les muraux et sur pied sont dot\u00e9s de\u00a0<strong>m\u00e9canismes pivotants robustes avec ressorts \u00e0 gaz ou charni\u00e8res \u00e0 friction<\/strong>. Cela permet un ajustement fluide, \u00e0 un doigt, \u00e0 n'importe quel angle sans fl\u00e9chir, permettant \u00e0 la fois au styliste et au client de voir sans effort sous plusieurs angles. La rotation \u00e0 360 degr\u00e9s est id\u00e9ale pour les postes de travail double face.<\/p>\n<h2 id=\"durability\">Durabilit\u00e9 de qualit\u00e9 commerciale et entretien facile<\/h2>\n<p>L'\u00e9quipement de salon doit r\u00e9sister \u00e0 une utilisation constante, aux produits chimiques de nettoyage et aux chocs accidentels. Les miroirs Havenseek sont con\u00e7us pour cette r\u00e9alit\u00e9.<\/p>\n<h3>Verre tremp\u00e9, soutenu par la s\u00e9curit\u00e9<\/h3>\n<p>Tout notre verre miroir est\u00a0<strong>tremp\u00e9 \u00e0 chaud selon les normes de s\u00e9curit\u00e9<\/strong>Dans le cas peu probable d'une casse, il se brise en petits morceaux granulaires avec un risque de blessure r\u00e9duit, une caract\u00e9ristique essentielle pour toute entreprise accueillant du public.<\/p>\n<h3>Cadre et construction en m\u00e9tal robustes<\/h3>\n<p>Les cadres sont construits \u00e0 partir de\u00a0<strong>alliage d'aluminium de haute qualit\u00e9 ou acier inoxydable renforc\u00e9<\/strong>fini avec un rev\u00eatement en poudre durable ou un plaquage en chrome qui r\u00e9siste \u00e0 l'oxydation due aux produits chimiques de salon. Les joints sont soud\u00e9s ou rivet\u00e9s pour une stabilit\u00e9 maximale.<\/p>\n<h2><img loading=\"lazy\" decoding=\"async\" class=\"alignnone wp-image-1313\" src=\"https:\/\/sellmirror.com\/wp-content\/uploads\/2025\/12\/havenseek-mirror-13-1024x768.jpg\" alt=\"miroirs de salon de beaut\u00e9\" width=\"707\" height=\"530\" srcset=\"https:\/\/sellmirror.com\/wp-content\/uploads\/2025\/12\/havenseek-mirror-13-1024x768.jpg 1024w, https:\/\/sellmirror.com\/wp-content\/uploads\/2025\/12\/havenseek-mirror-13-300x225.jpg 300w, https:\/\/sellmirror.com\/wp-content\/uploads\/2025\/12\/havenseek-mirror-13-768x576.jpg 768w, https:\/\/sellmirror.com\/wp-content\/uploads\/2025\/12\/havenseek-mirror-13-16x12.jpg 16w, https:\/\/sellmirror.com\/wp-content\/uploads\/2025\/12\/havenseek-mirror-13-600x450.jpg 600w, https:\/\/sellmirror.com\/wp-content\/uploads\/2025\/12\/havenseek-mirror-13.jpg 1440w\" sizes=\"auto, (max-width: 707px) 100vw, 707px\" \/><\/h2>\n<h2 id=\"selling-points\">Points de vente essentiels<\/h2>\n<h3>1. Pr\u00e9cision de la R\u00e9flexion Professionnelle<\/h3>\n<ul>\n<li>Le verre miroir haute d\u00e9finition minimise la distorsion.<\/li>\n<li>R\u00e9flexion pr\u00e9cise des couleurs pour la coloration des cheveux et le maquillage<\/li>\n<li>Clart\u00e9 coh\u00e9rente sur de grandes surfaces miroirs<\/li>\n<\/ul>\n<h3>2. Durable et s\u00e9curis\u00e9 pour une utilisation commerciale<\/h3>\n<ul>\n<li>Options de verre tremp\u00e9 ou \u00e0 dos de s\u00e9curit\u00e9 disponibles<\/li>\n<li>R\u00e9duction du risque de casse dans les environnements de salon occup\u00e9s<\/li>\n<li>Conforme aux attentes de s\u00e9curit\u00e9 commerciale<\/li>\n<\/ul>\n<h3>3. Tailles personnalis\u00e9es et designs flexibles<\/h3>\n<ul>\n<li>Dimensions personnalis\u00e9es pour diff\u00e9rents agencements de salon<\/li>\n<li>Styles optionnels avec ou sans cadre<\/li>\n<li>Id\u00e9al pour les salons en cha\u00eene et les int\u00e9rieurs de marque<\/li>\n<\/ul>\n<p>&nbsp;<\/p>\n<p>Studio de maquillage professionnel avec plusieurs miroirs de salon de beaut\u00e9 personnalis\u00e9s, design \u00e9pur\u00e9, tons neutres, r\u00e9flexion pr\u00e9cise sur les miroirs<\/p>\n<h3>4. Entretien facile et longue dur\u00e9e de vie<\/h3>\n<ul>\n<li>Surface r\u00e9sistante aux rayures pour un nettoyage quotidien<\/li>\n<li>Traitements anti-bu\u00e9e optionnels<\/li>\n<li>Fr\u00e9quence de remplacement r\u00e9duite au fil du temps<\/li>\n<\/ul>\n<h2 id=\"applications\">Sc\u00e9narios d'application<\/h2>\n<ul>\n<li>Salons de beaut\u00e9 professionnels<\/li>\n<li>Salons de coiffure et barber shops<\/li>\n<li>Studios de maquillage<\/li>\n<li>Centres de spa et de bien-\u00eatre<\/li>\n<li>Cha\u00eenes de salons et projets de franchise<\/li>\n<li>Chambres de beaut\u00e9 d'h\u00f4tel et de complexe h\u00f4telier<\/li>\n<\/ul>\n<h2 id=\"specifications\">Sp\u00e9cifications techniques<\/h2>\n<table border=\"1\" width=\"100%\" cellspacing=\"0\" cellpadding=\"8\">\n<tbody>\n<tr>\n<th>Sp\u00e9cification<\/th>\n<th>D\u00e9tails<\/th>\n<\/tr>\n<tr>\n<td>Type de verre<\/td>\n<td>Miroir en argent \/ <a href=\"https:\/\/sellmirror.com\/fr\/\">miroir sans cuivre<\/a><\/td>\n<\/tr>\n<tr>\n<td>\u00c9paisseur<\/td>\n<td>4mm \/ 5mm \/ 6mm<\/td>\n<\/tr>\n<tr>\n<td>Options de s\u00e9curit\u00e9<\/td>\n<td>Film de protection renforc\u00e9, de s\u00e9curit\u00e9<\/td>\n<\/tr>\n<tr>\n<td>Traitement en p\u00e9riph\u00e9rie<\/td>\n<td>Bord poli, biseaut\u00e9, plat<\/td>\n<\/tr>\n<tr>\n<td>Montage<\/td>\n<td>Supports muraux dissimul\u00e9s<\/td>\n<\/tr>\n<tr>\n<td>Personnalisation<\/td>\n<td>Taille, cadre, emballage<\/td>\n<\/tr>\n<\/tbody>\n<\/table>\n<h2 id=\"comparison\">Comparaison avec des alternatives de march\u00e9 typiques<\/h2>\n<table border=\"1\" width=\"100%\" cellspacing=\"0\" cellpadding=\"8\">\n<tbody>\n<tr>\n<th>Caract\u00e9ristique<\/th>\n<th>Miroirs du salon de beaut\u00e9 Havenseek<\/th>\n<th>Miroirs standards<\/th>\n<\/tr>\n<tr>\n<td>Pr\u00e9cision de r\u00e9flexion<\/td>\n<td>Haute d\u00e9finition, faible distorsion<\/td>\n<td>Incoh\u00e9rent<\/td>\n<\/tr>\n<tr>\n<td>Durabilit\u00e9 commerciale<\/td>\n<td>Con\u00e7u pour un usage professionnel quotidien<\/td>\n<td>Qualit\u00e9 r\u00e9sidentielle<\/td>\n<\/tr>\n<tr>\n<td>Personnalisation<\/td>\n<td>Tailles et designs flexibles<\/td>\n<td>Limit\u00e9<\/td>\n<\/tr>\n<tr>\n<td>Co\u00fbt \u00e0 long terme<\/td>\n<td>Fr\u00e9quence de remplacement inf\u00e9rieure<\/td>\n<td>Entretien plus \u00e9lev\u00e9<\/td>\n<\/tr>\n<\/tbody>\n<\/table>\n<h2 id=\"buying-guide\">Guide d'achat B2B<\/h2>\n<h3>Comment choisir les bons miroirs de salon de beaut\u00e9<\/h3>\n<ul>\n<li>Ajustez la taille du miroir \u00e0 la disposition du poste de travail<\/li>\n<li>S\u00e9lectionnez l'\u00e9paisseur appropri\u00e9e pour la s\u00e9curit\u00e9<\/li>\n<li>Confirmer la r\u00e9sistance \u00e0 l'humidit\u00e9 pour les salons humides<\/li>\n<li>Planifier des sp\u00e9cifications coh\u00e9rentes pour les projets de cha\u00eene<\/li>\n<\/ul>\n<h2><img loading=\"lazy\" decoding=\"async\" class=\"alignnone size-medium wp-image-1307\" src=\"https:\/\/sellmirror.com\/wp-content\/uploads\/2025\/12\/havenseek-mirror-7-300x300.jpg\" alt=\"miroirs de salon de beaut\u00e9\" width=\"300\" height=\"300\" srcset=\"https:\/\/sellmirror.com\/wp-content\/uploads\/2025\/12\/havenseek-mirror-7-300x300.jpg 300w, https:\/\/sellmirror.com\/wp-content\/uploads\/2025\/12\/havenseek-mirror-7-150x150.jpg 150w, https:\/\/sellmirror.com\/wp-content\/uploads\/2025\/12\/havenseek-mirror-7-768x768.jpg 768w, https:\/\/sellmirror.com\/wp-content\/uploads\/2025\/12\/havenseek-mirror-7-12x12.jpg 12w, https:\/\/sellmirror.com\/wp-content\/uploads\/2025\/12\/havenseek-mirror-7-600x600.jpg 600w, https:\/\/sellmirror.com\/wp-content\/uploads\/2025\/12\/havenseek-mirror-7-100x100.jpg 100w, https:\/\/sellmirror.com\/wp-content\/uploads\/2025\/12\/havenseek-mirror-7.jpg 800w\" sizes=\"auto, (max-width: 300px) 100vw, 300px\" \/><\/h2>\n<h2 id=\"faq\">Questions Fr\u00e9quemment Pos\u00e9es<\/h2>\n<div>\n<h3>Ces miroirs conviennent-ils aux salons commerciaux ?<\/h3>\n<p>Oui, elles sont con\u00e7ues sp\u00e9cifiquement pour des environnements de salon professionnels.<\/p>\n<h3>Puis-je commander des tailles personnalis\u00e9es ?<\/h3>\n<p>Des tailles personnalis\u00e9es sont disponibles pour les commandes B2B et de projet.<\/p>\n<h3>Offrez-vous des options de s\u00e9curit\u00e9 ?<\/h3>\n<p>Oui, le verre tremp\u00e9 et le support de s\u00e9curit\u00e9 sont optionnels.<\/p>\n<h3>Ces miroirs de salon de beaut\u00e9 sont-ils faciles \u00e0 nettoyer ?<\/h3>\n<p>Ils sont con\u00e7us pour un nettoyage fr\u00e9quent avec un minimum d'usure de surface.<\/p>\n<h3>Peut-on les utiliser dans des environnements humides ?<\/h3>\n<p>Oui, des options r\u00e9sistantes \u00e0 l'humidit\u00e9 sont disponibles.<\/p>\n<h3>Sont-ils adapt\u00e9s aux salons de cha\u00eene ?<\/h3>\n<p>Oui, une qualit\u00e9 constante est maintenue pour les commandes en gros.<\/p>\n<h3>Pr\u00e9voyez-vous un soutien pour le branding OEM ?<\/h3>\n<p>Des options OEM et de marque blanche sont disponibles pour les acheteurs qualifi\u00e9s.<\/p>\n<h3>L'emballage pour exportation est-il fourni ?<\/h3>\n<p>Oui, les miroirs sont emball\u00e9s pour le transport international.<\/p>\n<\/div>\n<p>Emballage pr\u00eat \u00e0 l'exportation de miroirs de salon de beaut\u00e9 pr\u00e9par\u00e9 pour l'exp\u00e9dition internationale<\/p>\n<p>Emballage d'exportation industriel de miroirs de salon de beaut\u00e9 dans des caisses en bois, environnement professionnel d'entrep\u00f4t, sc\u00e8ne logistique B2B<\/p>\n<h2>Pourquoi les \u00e9quipes d'approvisionnement choisissent ce produit<\/h2>\n<p>Ces miroirs de salon de beaut\u00e9 sont s\u00e9lectionn\u00e9s par des acheteurs professionnels qui appr\u00e9cient la qualit\u00e9 stable, les performances pr\u00e9visibles et l'efficacit\u00e9 \u00e9conomique \u00e0 long terme. Chaque d\u00e9cision repose sur une compr\u00e9hension technique plut\u00f4t que sur des affirmations marketing.<\/p>\n<p><strong>Demandez un \u00e9chantillon gratuit \/ Obtenez un devis en gros en 12 heures \/ T\u00e9l\u00e9chargez la fiche technique<\/strong><\/p>\n<h2>Ressources de r\u00e9f\u00e9rence de l'industrie<\/h2>\n<ul>\n<li><a href=\"https:\/\/www.glass.org\" target=\"_blank\" rel=\"noopener nofollow\">Association Nationale du Verre \u2013 Normes du Verre Commercial<\/a><\/li>\n<li><a href=\"https:\/\/www.archdaily.com\" target=\"_blank\" rel=\"noopener nofollow\">ArchDaily \u2013 Projets de design int\u00e9rieur pour salons<\/a><\/li>\n<li><a href=\"https:\/\/www.iso.org\" target=\"_blank\" rel=\"noopener nofollow\">ISO \u2013 Normes de verre et de s\u00e9curit\u00e9<\/a><\/li>\n<\/ul>\n<p><!-- Main image side text --><\/p>\n<p><strong><br \/>\nCon\u00e7u pour les professionnels qui comprennent qu'un bon miroir am\u00e9liore le flux de travail, la confiance des clients et la performance \u00e0 long terme du salon.<br \/>\n<\/strong><\/p>\n<div class=\"wpforms-container\" id=\"wpforms-665\"><form id=\"wpforms-form-665\" class=\"wpforms-validate wpforms-form wpforms-ajax-form\" data-formid=\"665\" method=\"post\" enctype=\"multipart\/form-data\" action=\"\/fr\/wp-json\/wp\/v2\/product\/1300\" data-token=\"f6a529bf3d13f83ecbd83f3ec598d6b3\" data-token-time=\"1777916676\" data-trp-original-action=\"\/fr\/wp-json\/wp\/v2\/product\/1300\"><div class=\"wpforms-head-container\"><div class=\"wpforms-title\">Besoin d'un devis<\/div><\/div><noscript class=\"wpforms-error-noscript\">Veuillez activer JavaScript dans votre navigateur pour remplir ce formulaire.<\/noscript><div class=\"wpforms-field-container\"><div id=\"wpforms-665-field_1-container\" class=\"wpforms-field wpforms-field-name\" data-field-id=\"1\"><label class=\"wpforms-field-label wpforms-label-hide\" for=\"wpforms-665-field_1\">Nom <span class=\"wpforms-required-label\">*<\/span><\/label><input type=\"text\" id=\"wpforms-665-field_1\" class=\"wpforms-field-medium wpforms-field-required\" name=\"wpforms[fields][1]\" placeholder=\"nom\" required><\/div>\t\t<div id=\"wpforms-665-field_3-container\"\n\t\t\tclass=\"wpforms-field wpforms-field-text\"\n\t\t\tdata-field-type=\"text\"\n\t\t\tdata-field-id=\"3\"\n\t\t\t>\n\t\t\t<label class=\"wpforms-field-label\" for=\"wpforms-665-field_3\" >vous \u5ba2\u6237IP Quoi<\/label>\n\t\t\t<input type=\"text\" id=\"wpforms-665-field_3\" class=\"wpforms-field-medium\" name=\"wpforms[fields][3]\" >\n\t\t<\/div>\n\t\t<div id=\"wpforms-665-field_6-container\" class=\"wpforms-field wpforms-field-number\" data-field-id=\"6\"><label class=\"wpforms-field-label wpforms-label-hide\" for=\"wpforms-665-field_6\">Mb\/Whatsapp<\/label><input type=\"number\" id=\"wpforms-665-field_6\" class=\"wpforms-field-medium\" name=\"wpforms[fields][6]\" placeholder=\"Mb\/Whatsapp\" step=\"any\" ><\/div><div id=\"wpforms-665-field_2-container\" class=\"wpforms-field wpforms-field-email\" data-field-id=\"2\"><label class=\"wpforms-field-label wpforms-label-hide\" for=\"wpforms-665-field_2\">Email <span class=\"wpforms-required-label\">*<\/span><\/label><input type=\"email\" id=\"wpforms-665-field_2\" class=\"wpforms-field-medium wpforms-field-required\" name=\"wpforms[fields][2]\" placeholder=\"Email\" spellcheck=\"false\" required><\/div><div id=\"wpforms-665-field_5-container\" class=\"wpforms-field wpforms-field-text\" data-field-id=\"5\"><label class=\"wpforms-field-label wpforms-label-hide\" for=\"wpforms-665-field_5\">De quoi avez-vous besoin ? <span class=\"wpforms-required-label\">*<\/span><\/label><input type=\"text\" id=\"wpforms-665-field_5\" class=\"wpforms-field-medium wpforms-field-required\" name=\"wpforms[fields][5]\" placeholder=\"De quoi avez-vous besoin ?\" required><\/div><div id=\"wpforms-665-field_7-container\" class=\"wpforms-field wpforms-field-hidden\" data-field-id=\"7\"><input type=\"hidden\" id=\"wpforms-665-field_7\" name=\"wpforms[fields][7]\" value=\"https:\/\/sellmirror.com\/fr\/wp-json\/wp\/v2\/product\/1300\"><\/div><div id=\"wpforms-665-field_8-container\" class=\"wpforms-field wpforms-field-hidden\" data-field-id=\"8\"><input type=\"hidden\" id=\"wpforms-665-field_8\" name=\"wpforms[fields][8]\" value=\"216.73.217.34\"><\/div><script>\n\t\t\t\t( function() {\n\t\t\t\t\tconst style = document.createElement( 'style' );\n\t\t\t\t\tstyle.appendChild( document.createTextNode( '#wpforms-665-field_3-container { position: absolute !important; overflow: hidden !important; display: inline !important; height: 1px !important; width: 1px !important; z-index: -1000 !important; padding: 0 !important; } #wpforms-665-field_3-container input { visibility: hidden; } #wpforms-conversational-form-page #wpforms-665-field_3-container label { counter-increment: none; }' ) );\n\t\t\t\t\tdocument.head.appendChild( style );\n\t\t\t\t\tdocument.currentScript?.remove();\n\t\t\t\t} )();\n\t\t\t<\/script><\/div><!-- .wpforms-field-container --><div class=\"wpforms-submit-container\" ><input type=\"hidden\" name=\"wpforms[id]\" value=\"665\"><input type=\"hidden\" name=\"page_title\" value=\"\"><input type=\"hidden\" name=\"page_url\" value=\"https:\/\/sellmirror.com\/fr\/wp-json\/wp\/v2\/product\/1300\"><input type=\"hidden\" name=\"url_referer\" value=\"\"><button type=\"submit\" name=\"wpforms[submit]\" id=\"wpforms-submit-665\" class=\"wpforms-submit\" data-alt-text=\"Sending...\" data-submit-text=\"Summit\" aria-live=\"assertive\" value=\"wpforms-submit\">Sommet<\/button><img loading=\"lazy\" decoding=\"async\" src=\"https:\/\/sellmirror.com\/wp-content\/plugins\/wpforms\/assets\/images\/submit-spin.svg\" class=\"wpforms-submit-spinner\" style=\"display: none;\" width=\"26\" height=\"26\" alt=\"Chargement en cours\"><\/div><input type=\"hidden\" name=\"trp-form-language\" value=\"fr\"\/><\/form><\/div>  <!-- .wpforms-container -->\n<div id=\"gtx-trans\" style=\"position: absolute; left: -65px; top: 9.2526px;\">\n<div class=\"gtx-trans-icon\"><\/div>\n<\/div>","protected":false},"excerpt":{"rendered":"<section class=\"ybc-p\"><\/section>\n<section>\n<section class=\"ybc-p\">Ces <strong>miroirs de salon de beaut\u00e9<\/strong> sont con\u00e7us sp\u00e9cifiquement pour des environnements de salon \u00e0 fort passage o\u00f9 la clart\u00e9, la s\u00e9curit\u00e9 et la durabilit\u00e9 sont essentielles. Contrairement aux miroirs r\u00e9sidentiels, ils sont con\u00e7us pour fonctionner de mani\u00e8re constante sous une utilisation professionnelle quotidienne. Si vous recherchez des miroirs pour salon de beaut\u00e9 pour un nouveau projet de salon, un d\u00e9ploiement multi-sites ou une distribution en gros, cette page explique exactement pourquoi ces miroirs m\u00e9ritent votre attention.<\/section>\n<\/section>\n<section><\/section>\n<div class=\"wp-block-stackable-button-group stk-block-button-group stk-block stk-6b6ab5a\" data-block-id=\"6b6ab5a\">\n<div class=\"stk-row stk-inner-blocks stk-block-content stk-button-group\">\n<p><!-- wp:stackable\/button {\"uniqueId\":\"c24101b\",\"openPopupId\":\"681\"} --><\/p>\n<div class=\"wp-block-stackable-button stk-block-button popmake-681 stk-block stk-c24101b popmake-681\" data-block-id=\"c24101b\"><a class=\"stk-link stk-button stk--hover-effect-darken\"><span class=\"stk-button__inner-text\">Besoin d'un devis<\/span><\/a><\/div>\n<p><!-- \/wp:stackable\/button --><\/p>\n<\/div>\n<\/div>","protected":false},"featured_media":1358,"template":"","meta":[],"product_brand":[],"product_cat":[34],"product_tag":[],"class_list":{"0":"post-1300","1":"product","2":"type-product","3":"status-publish","4":"has-post-thumbnail","6":"product_cat-mirror","8":"first","9":"instock","10":"shipping-taxable","11":"product-type-simple"},"_links":{"self":[{"href":"https:\/\/sellmirror.com\/fr\/wp-json\/wp\/v2\/product\/1300","targetHints":{"allow":["GET"]}}],"collection":[{"href":"https:\/\/sellmirror.com\/fr\/wp-json\/wp\/v2\/product"}],"about":[{"href":"https:\/\/sellmirror.com\/fr\/wp-json\/wp\/v2\/types\/product"}],"wp:featuredmedia":[{"embeddable":true,"href":"https:\/\/sellmirror.com\/fr\/wp-json\/wp\/v2\/media\/1358"}],"wp:attachment":[{"href":"https:\/\/sellmirror.com\/fr\/wp-json\/wp\/v2\/media?parent=1300"}],"wp:term":[{"taxonomy":"product_brand","embeddable":true,"href":"https:\/\/sellmirror.com\/fr\/wp-json\/wp\/v2\/product_brand?post=1300"},{"taxonomy":"product_cat","embeddable":true,"href":"https:\/\/sellmirror.com\/fr\/wp-json\/wp\/v2\/product_cat?post=1300"},{"taxonomy":"product_tag","embeddable":true,"href":"https:\/\/sellmirror.com\/fr\/wp-json\/wp\/v2\/product_tag?post=1300"}],"curies":[{"name":"wp","href":"https:\/\/api.w.org\/{rel}","templated":true}]}}