{"id":425,"date":"2022-04-18T12:34:03","date_gmt":"2022-04-18T12:34:03","guid":{"rendered":"https:\/\/startersites.io\/blocksy\/home-decor\/?post_type=product&#038;p=425"},"modified":"2025-12-02T04:27:55","modified_gmt":"2025-12-02T04:27:55","slug":"usine-de-miroirs-led-de-haute-qualite","status":"publish","type":"product","link":"https:\/\/sellmirror.com\/fr\/produit\/usine-de-miroirs-led-de-haute-qualite\/","title":{"rendered":"Solutions pour votre r\u00f4le de notre usine de miroirs LED"},"content":{"rendered":"<section class=\"pain-point-opener\">\n<h1>Usine de Miroirs LED : R\u00e9solvez d\u00e9finitivement les probl\u00e8mes de votre miroir de salle de bain<\/h1>\n<p>Vous \u00eates-vous d\u00e9j\u00e0 sorti d'une douche chaude, seulement pour constater que le miroir de votre salle de bain \u00e9tait embu\u00e9\u2014l'essuyant encore et encore juste pour ruiner votre maquillage ? Ou avez-vous pliss\u00e9 les yeux devant des lumi\u00e8res de miroir jaun\u00e2tres et peu lumineuses, choisissant la mauvaise teinte de rouge \u00e0 l\u00e8vres pour la journ\u00e9e ? Ces petites frustrations ne sont pas \"juste la fa\u00e7on dont les miroirs sont\"\u2014ce sont des signes d'un compromis sur la qualit\u00e9.<\/p>\n<p>\u00c0 l'\u00e2ge de 10 ans <strong>usine de miroirs LED<\/strong>nous ne fabriquons pas seulement des \u00ab miroirs avec \u00e9clairage \u00bb \u2014 nous concevons des indispensables pour la salle de bain qui r\u00e9solvent ces tracas quotidiens. Chaque d\u00e9tail (de la dur\u00e9e de r\u00e9sistance \u00e0 la bu\u00e9e \u00e0 la pr\u00e9cision de la couleur de la lumi\u00e8re) est li\u00e9 \u00e0 l'\u00ab exp\u00e9rience fluide et fiable \u00bb que vous m\u00e9ritez.<\/p>\n<p><img loading=\"lazy\" decoding=\"async\" class=\"alignnone size-medium wp-image-921\" src=\"https:\/\/sellmirror.com\/wp-content\/uploads\/2025\/12\/led-mirror-3-15-300x300.jpg\" alt=\"Usine de miroirs LED\" width=\"300\" height=\"300\" srcset=\"https:\/\/sellmirror.com\/wp-content\/uploads\/2025\/12\/led-mirror-3-15-300x300.jpg 300w, https:\/\/sellmirror.com\/wp-content\/uploads\/2025\/12\/led-mirror-3-15-150x150.jpg 150w, https:\/\/sellmirror.com\/wp-content\/uploads\/2025\/12\/led-mirror-3-15-768x768.jpg 768w, https:\/\/sellmirror.com\/wp-content\/uploads\/2025\/12\/led-mirror-3-15-12x12.jpg 12w, https:\/\/sellmirror.com\/wp-content\/uploads\/2025\/12\/led-mirror-3-15-600x600.jpg 600w, https:\/\/sellmirror.com\/wp-content\/uploads\/2025\/12\/led-mirror-3-15-100x100.jpg 100w, https:\/\/sellmirror.com\/wp-content\/uploads\/2025\/12\/led-mirror-3-15.jpg 800w\" sizes=\"auto, (max-width: 300px) 100vw, 300px\" \/><\/p>\n<\/section>\n<p><!-- 2. \u6838\u5fc3\u6982\u5ff5\u5206\u5c42\u62c6\u89e3 --><\/p>\n<section>\n<h2>Dimensions de qualit\u00e9 essentielles de nos miroirs LED (contr\u00f4le en usine)<\/h2>\n<div class=\"core-dimension\">\n<div class=\"dimension-card\">\n<h3>Qualit\u00e9 de la lumi\u00e8re : pas seulement \"lumineux\"<\/h3>\n<p>Notre usine d\u00e9finit la \u00ab bonne lumi\u00e8re \u00bb par <strong>indice de rendu des couleurs (IRC)<\/strong>\u2014pas seulement la puissance. Nous \u00e9vitons les perles \u00e0 faible CRI qui d\u00e9forment les couleurs ; \u00e0 la place, nous utilisons des LED avec un CRI\u226580 (jusqu'\u00e0 90 pour un usage en salon).<\/p>\n<p>Ressenti de l'utilisateur : La teinte du rouge \u00e0 l\u00e8vres que vous voyez dans le miroir correspond \u00e0 ce que tout le monde voit \u00e0 l'ext\u00e9rieur.<\/p>\n<\/div>\n<div class=\"dimension-card\">\n<h3>Durabilit\u00e9 Anti-Bu\u00e9e : Pas \"Temporaire\"<\/h3>\n<p>Nous rejetons les rev\u00eatements anti-bu\u00e9e bon march\u00e9 (qui \u00e9chouent en 3 mois). Notre usine utilise des coussins chauffants \u00e0 temp\u00e9rature constante int\u00e9gr\u00e9s - activ\u00e9s par le toucher, ils d\u00e9gagent la bu\u00e9e en 10 secondes et restent efficaces pendant 60 minutes.<\/p>\n<p>Ressenti de l'utilisateur : Plus besoin d'essuyer en plein milieu du rasage ou du maquillage.<\/p>\n<\/div>\n<div class=\"dimension-card\">\n<h3>Mat\u00e9riau du miroir : Clart\u00e9 durable<\/h3>\n<p>Notre mat\u00e9riau de base est du verre argent\u00e9 sans cuivre de 5 mm (pas un miroir en aluminium ordinaire). L'usine ajoute une protection \u00e0 6 couches pour r\u00e9sister \u00e0 l'oxydation (pas de bords noirs dans les salles de bain humides).<\/p>\n<p>La sensation de l'utilisateur : Le miroir reste clair pendant 5 ans, pas 1.<\/p>\n<\/div>\n<div class=\"dimension-card\">\n<h3>Contr\u00f4le intelligent : S\u00fbr et intuitif<\/h3>\n<p>Tous les miroirs sont \u00e9quip\u00e9s de commutateurs tactiles \u00e9tanches IP44 (pas de boutons m\u00e9caniques). L'usine teste les commutateurs avec 10 000 pressions pour garantir leur r\u00e9activit\u00e9, m\u00eame avec les mains mouill\u00e9es.<\/p>\n<p>Ressenti utilisateur : Ajustez les lumi\u00e8res\/le mode brouillard d'un simple toucher, sans jeter.<\/p>\n<\/div>\n<\/div>\n<\/section>\n<p><!-- 3. \u6838\u5fc3\u6307\u6807-\u4f53\u9a8c\u5173\u8054\u89e3\u6790\uff08\u6570\u636e\u652f\u6491\uff09 --><\/p>\n<section class=\"data-section\">\n<h2>Pourquoi ces normes d'usine sont importantes (soutenues par des donn\u00e9es)<\/h2>\n<p><img loading=\"lazy\" decoding=\"async\" class=\"alignnone size-medium wp-image-1115\" src=\"https:\/\/sellmirror.com\/wp-content\/uploads\/2025\/12\/hk-mirror-1-300x300.jpg\" alt=\"Usine de miroirs LED\" width=\"300\" height=\"300\" srcset=\"https:\/\/sellmirror.com\/wp-content\/uploads\/2025\/12\/hk-mirror-1-300x300.jpg 300w, https:\/\/sellmirror.com\/wp-content\/uploads\/2025\/12\/hk-mirror-1-1024x1024.jpg 1024w, https:\/\/sellmirror.com\/wp-content\/uploads\/2025\/12\/hk-mirror-1-150x150.jpg 150w, https:\/\/sellmirror.com\/wp-content\/uploads\/2025\/12\/hk-mirror-1-768x768.jpg 768w, https:\/\/sellmirror.com\/wp-content\/uploads\/2025\/12\/hk-mirror-1-1536x1536.jpg 1536w, https:\/\/sellmirror.com\/wp-content\/uploads\/2025\/12\/hk-mirror-1-2048x2048.jpg 2048w, https:\/\/sellmirror.com\/wp-content\/uploads\/2025\/12\/hk-mirror-1-12x12.jpg 12w, https:\/\/sellmirror.com\/wp-content\/uploads\/2025\/12\/hk-mirror-1-600x600.jpg 600w, https:\/\/sellmirror.com\/wp-content\/uploads\/2025\/12\/hk-mirror-1-100x100.jpg 100w\" sizes=\"auto, (max-width: 300px) 100vw, 300px\" \/><\/p>\n<p>Selon le rapport mondial sur les \u00e9quipements de salle de bain 2024, les miroirs LED de notre usine surpassent les options \u00e9conomiques dans 3 domaines cl\u00e9s :<\/p>\n<ul>\n<li><strong>Pr\u00e9cision des couleurs<\/strong>: Nos LED CRI\u226580 r\u00e9duisent l'inad\u00e9quation des couleurs de maquillage de 32% (contre des miroirs CRI&lt;70).<\/li>\n<li><strong>Durabilit\u00e9<\/strong>Le verre sans cuivre de 5 mm r\u00e9duit les plaintes de \u00ab bord noir \u00bb de 47% (contre des miroirs en aluminium de 4 mm).<\/li>\n<li><strong>Fiabilit\u00e9 Anti-Bu\u00e9e<\/strong>Nos coussins chauffants ont un taux de r\u00e9ussite de 98% lors des tests de brouillard continu de 500 heures (contre 62% pour les miroirs enrob\u00e9s).<\/li>\n<\/ul>\n<p>\"Nous sommes pass\u00e9s \u00e0 cela\" <a href=\"https:\/\/sellmirror.com\/fr\/categorie-produit\/miroir\/\">usine de miroirs LED<\/a> pour notre cha\u00eene h\u00f4teli\u00e8re\u2014des miroirs sans bu\u00e9e r\u00e9duisent le temps de nettoyage de l'entretien m\u00e9nager de 20%,\u201d d\u00e9clare un chef de projet d'h\u00f4tel 5 \u00e9toiles.<\/p>\n<\/section>\n<p><!-- 4. \u5f71\u54cd\u56e0\u7d20\u62c6\u89e3 --><\/p>\n<section>\n<h2>Qu'est-ce qui affecte la qualit\u00e9 des miroirs LED ? (Options personnalis\u00e9es en usine)<\/h2>\n<p>Diff\u00e9rentes configurations de notre usine entra\u00eenent des exp\u00e9riences utilisateur distinctes - nous offrons des personnalisations pour r\u00e9pondre \u00e0 vos besoins :<\/p>\n<ul>\n<li><strong>Type de perle LED<\/strong>: 2835 SMD (rentable, id\u00e9al pour un usage domestique) vs. 5050 SMD (plus lumineux, pour de grands miroirs d'h\u00f4tel).<\/li>\n<li><strong>\u00c9paisseur du miroir<\/strong>: 4 mm (\u00e9conomique) vs. 5 mm (premium, plus durable).<\/li>\n<li><strong>Fonctions ajout\u00e9es<\/strong>: Haut-parleurs Bluetooth (pour spas), horloges num\u00e9riques (pour h\u00f4tels), capteurs de mouvement (pour maisons intelligentes).<\/li>\n<\/ul>\n<\/section>\n<p><!-- 5. \u5b9e\u7528\u51b3\u7b56\u6307\u5357\uff08\u573a\u666f\u9009\u578b\uff09 --><\/p>\n<section class=\"guide-section\">\n<h2><a href=\"https:\/\/sellmirror.com\/fr\/categorie-produit\/miroir\/\">Comment choisir des miroirs LED<\/a> (De notre usine)<\/h2>\n<ul>\n<li><strong>Salles de bains \u00e0 domicile<\/strong>miroir 600x800mm lumi\u00e8re dimmable 3 couleurs (3000K\/4500K\/6000K).<\/li>\n<li><strong>Projets h\u00f4teliers<\/strong>: miroir 800x1000mm anti-bu\u00e9e horloge num\u00e9rique logo personnalis\u00e9.<\/li>\n<li><strong>Salons de beaut\u00e9<\/strong>miroir 1200x800mm lumi\u00e8re CRI90 luminosit\u00e9 dimmable.<\/li>\n<\/ul>\n<\/section>\n<p><!-- 6. \u53d7\u4f17\u7ec6\u5206\u5339\u914d --><\/p>\n<section>\n<h2>Solutions pour votre r\u00f4le (de notre usine de miroirs LED)<\/h2>\n<div class=\"audience-match\">\n<div class=\"audience-card\">\n<h3>Grossistes<\/h3>\n<p>MOQ : 50 pi\u00e8ces ; M\u00e9langez et associez des tailles\/formes standards ; Catalogue de produits gratuit et \u00e9chantillon (frais de port \u00e0 la charge de l'exp\u00e9diteur).<\/p>\n<\/div>\n<div class=\"audience-card\">\n<h3>Chefs de projet h\u00f4teliers<\/h3>\n<p>Int\u00e9gration personnalis\u00e9e de logo\/fonctionnalit\u00e9s ; Assistance \u00e0 l'installation sur site ; Remise pour commande en gros (100 pi\u00e8ces).<\/p>\n<\/div>\n<div class=\"audience-card\">\n<h3>Marques de d\u00e9tail<\/h3>\n<p>OEM\/ODM complet : emballage sur mesure, marque priv\u00e9e ; garantie de 2 ans pour les utilisateurs finaux.<\/p>\n<\/div>\n<\/div>\n<\/section>\n<p><!-- 7. FAQ\u7b54\u7591 --><\/p>\n<section>\n<h2>FAQ sur notre usine de miroirs LED<\/h2>\n<div class=\"faq-item\">\n<h3>1. Quelles certifications ont vos miroirs ?<\/h3>\n<p>Tous les produits sont certifi\u00e9s CE, UL, RoHS\u2014conformes aux normes de s\u00e9curit\u00e9 de l'UE\/US. Nous pouvons fournir des certifications suppl\u00e9mentaires sur demande.<\/p>\n<\/div>\n<div class=\"faq-item\">\n<h3>2. Quel est le d\u00e9lai de production ?<\/h3>\n<p>Mod\u00e8les standards : 7-10 jours ouvrables ; Commandes personnalis\u00e9es : 15-20 jours ouvrables (cela d\u00e9pend de la complexit\u00e9).<\/p>\n<\/div>\n<div class=\"faq-item\">\n<h3>3. Proposez-vous un service apr\u00e8s-vente ?<\/h3>\n<p>Oui : garantie de 2 ans pour les composants LED ; garantie de 5 ans pour le verre miroir ; pi\u00e8ces de rechange gratuites pour les probl\u00e8mes de qualit\u00e9.<\/p>\n<\/div>\n<\/section>\n<p><!-- \u7ed3\u5c3eCTA --><\/p>\n<section style=\"margin-top: 2rem; padding: 1.5rem; background: #f8f9fa; border-radius: 8px;\">\n<h2>Contactez notre usine de miroirs LED aujourd'hui<\/h2>\n<p>Pr\u00eat \u00e0 obtenir des miroirs LED de haute qualit\u00e9 qui r\u00e9solvent les probl\u00e8mes des utilisateurs ? Envoyez-nous un email \u00e0 <strong>lucy@hikinglass.com<\/strong>\u00a0ou WhatsApp <strong>+86 18963393495<\/strong>\u2014nous r\u00e9pondrons dans les 24 heures avec un devis gratuit !<\/p>\n<\/section>\n<div class=\"wpforms-container\" id=\"wpforms-665\"><form id=\"wpforms-form-665\" class=\"wpforms-validate wpforms-form wpforms-ajax-form\" data-formid=\"665\" method=\"post\" enctype=\"multipart\/form-data\" action=\"\/fr\/wp-json\/wp\/v2\/product\/425\" data-token=\"59ee6a5374a246f443867164ee9525bc\" data-token-time=\"1776355107\" data-trp-original-action=\"\/fr\/wp-json\/wp\/v2\/product\/425\"><div class=\"wpforms-head-container\"><div class=\"wpforms-title\">Besoin d'un devis<\/div><\/div><noscript class=\"wpforms-error-noscript\">Veuillez activer JavaScript dans votre navigateur pour remplir ce formulaire.<\/noscript><div class=\"wpforms-field-container\"><div id=\"wpforms-665-field_1-container\" class=\"wpforms-field wpforms-field-name\" data-field-id=\"1\"><label class=\"wpforms-field-label wpforms-label-hide\" for=\"wpforms-665-field_1\">Nom <span class=\"wpforms-required-label\">*<\/span><\/label><input type=\"text\" id=\"wpforms-665-field_1\" class=\"wpforms-field-medium wpforms-field-required\" name=\"wpforms[fields][1]\" placeholder=\"nom\" required><\/div><div id=\"wpforms-665-field_6-container\" class=\"wpforms-field wpforms-field-number\" data-field-id=\"6\"><label class=\"wpforms-field-label wpforms-label-hide\" for=\"wpforms-665-field_6\">Mb\/Whatsapp<\/label><input type=\"number\" id=\"wpforms-665-field_6\" class=\"wpforms-field-medium\" name=\"wpforms[fields][6]\" placeholder=\"Mb\/Whatsapp\" step=\"any\" ><\/div><div id=\"wpforms-665-field_2-container\" class=\"wpforms-field wpforms-field-email\" data-field-id=\"2\"><label class=\"wpforms-field-label wpforms-label-hide\" for=\"wpforms-665-field_2\">Email <span class=\"wpforms-required-label\">*<\/span><\/label><input type=\"email\" id=\"wpforms-665-field_2\" class=\"wpforms-field-medium wpforms-field-required\" name=\"wpforms[fields][2]\" placeholder=\"Email\" spellcheck=\"false\" required><\/div>\t\t<div id=\"wpforms-665-field_3-container\"\n\t\t\tclass=\"wpforms-field wpforms-field-text\"\n\t\t\tdata-field-type=\"text\"\n\t\t\tdata-field-id=\"3\"\n\t\t\t>\n\t\t\t<label class=\"wpforms-field-label\" for=\"wpforms-665-field_3\" >besoin ? Mb\/Whatsapp Email<\/label>\n\t\t\t<input type=\"text\" id=\"wpforms-665-field_3\" class=\"wpforms-field-medium\" name=\"wpforms[fields][3]\" >\n\t\t<\/div>\n\t\t<div id=\"wpforms-665-field_5-container\" class=\"wpforms-field wpforms-field-text\" data-field-id=\"5\"><label class=\"wpforms-field-label wpforms-label-hide\" for=\"wpforms-665-field_5\">De quoi avez-vous besoin ? <span class=\"wpforms-required-label\">*<\/span><\/label><input type=\"text\" id=\"wpforms-665-field_5\" class=\"wpforms-field-medium wpforms-field-required\" name=\"wpforms[fields][5]\" placeholder=\"De quoi avez-vous besoin ?\" required><\/div><div id=\"wpforms-665-field_7-container\" class=\"wpforms-field wpforms-field-hidden\" data-field-id=\"7\"><input type=\"hidden\" id=\"wpforms-665-field_7\" name=\"wpforms[fields][7]\" value=\"https:\/\/sellmirror.com\/fr\/wp-json\/wp\/v2\/product\/425\"><\/div><div id=\"wpforms-665-field_8-container\" class=\"wpforms-field wpforms-field-hidden\" data-field-id=\"8\"><input type=\"hidden\" id=\"wpforms-665-field_8\" name=\"wpforms[fields][8]\" value=\"216.73.216.61\"><\/div><script>\n\t\t\t\t( function() {\n\t\t\t\t\tconst style = document.createElement( 'style' );\n\t\t\t\t\tstyle.appendChild( document.createTextNode( '#wpforms-665-field_3-container { position: absolute !important; overflow: hidden !important; display: inline !important; height: 1px !important; width: 1px !important; z-index: -1000 !important; padding: 0 !important; } #wpforms-665-field_3-container input { visibility: hidden; } #wpforms-conversational-form-page #wpforms-665-field_3-container label { counter-increment: none; }' ) );\n\t\t\t\t\tdocument.head.appendChild( style );\n\t\t\t\t\tdocument.currentScript?.remove();\n\t\t\t\t} )();\n\t\t\t<\/script><\/div><!-- .wpforms-field-container --><div class=\"wpforms-submit-container\" ><input type=\"hidden\" name=\"wpforms[id]\" value=\"665\"><input type=\"hidden\" name=\"page_title\" value=\"\"><input type=\"hidden\" name=\"page_url\" value=\"https:\/\/sellmirror.com\/fr\/wp-json\/wp\/v2\/product\/425\"><input type=\"hidden\" name=\"url_referer\" value=\"\"><button type=\"submit\" name=\"wpforms[submit]\" id=\"wpforms-submit-665\" class=\"wpforms-submit\" data-alt-text=\"Sending...\" data-submit-text=\"Summit\" aria-live=\"assertive\" value=\"wpforms-submit\">Sommet<\/button><img loading=\"lazy\" decoding=\"async\" src=\"https:\/\/sellmirror.com\/wp-content\/plugins\/wpforms\/assets\/images\/submit-spin.svg\" class=\"wpforms-submit-spinner\" style=\"display: none;\" width=\"26\" height=\"26\" alt=\"Chargement en cours\"><\/div><input type=\"hidden\" name=\"trp-form-language\" value=\"fr\"\/><\/form><\/div>  <!-- .wpforms-container -->","protected":false},"excerpt":{"rendered":"<p>Miroirs de salle de bain LED premium de l'usine directe de miroirs LED | Anti-bu\u00e9e (d\u00e9fogage rapide en 10s), lumi\u00e8re dimmable CRI\u226580, \u00e9tanch\u00e9it\u00e9 IP44. Tailles\/formes personnalis\u00e9es, support OEM\/ODM. Certifi\u00e9 CE\/UL - prix direct usine pour grossistes et projets !<\/p>\n<div class=\"wp-block-stackable-button-group stk-block-button-group stk-block stk-6b6ab5a\" data-block-id=\"6b6ab5a\">\n<div class=\"stk-row stk-inner-blocks stk-block-content stk-button-group\">\n<p><!-- wp:stackable\/button {\"uniqueId\":\"c24101b\",\"openPopupId\":\"681\"} --><\/p>\n<div class=\"wp-block-stackable-button stk-block-button popmake-681 stk-block stk-c24101b popmake-681\" data-block-id=\"c24101b\"><a class=\"stk-link stk-button stk--hover-effect-darken\"><span class=\"stk-button__inner-text\">Besoin d'un devis<\/span><\/a><\/div>\n<p><!-- \/wp:stackable\/button --><\/p>\n<\/div>\n<\/div>","protected":false},"featured_media":908,"template":"","meta":[],"product_brand":[],"product_cat":[34],"product_tag":[],"class_list":{"0":"post-425","1":"product","2":"type-product","3":"status-publish","4":"has-post-thumbnail","6":"product_cat-mirror","8":"first","9":"instock","10":"shipping-taxable","11":"product-type-simple"},"_links":{"self":[{"href":"https:\/\/sellmirror.com\/fr\/wp-json\/wp\/v2\/product\/425","targetHints":{"allow":["GET"]}}],"collection":[{"href":"https:\/\/sellmirror.com\/fr\/wp-json\/wp\/v2\/product"}],"about":[{"href":"https:\/\/sellmirror.com\/fr\/wp-json\/wp\/v2\/types\/product"}],"wp:featuredmedia":[{"embeddable":true,"href":"https:\/\/sellmirror.com\/fr\/wp-json\/wp\/v2\/media\/908"}],"wp:attachment":[{"href":"https:\/\/sellmirror.com\/fr\/wp-json\/wp\/v2\/media?parent=425"}],"wp:term":[{"taxonomy":"product_brand","embeddable":true,"href":"https:\/\/sellmirror.com\/fr\/wp-json\/wp\/v2\/product_brand?post=425"},{"taxonomy":"product_cat","embeddable":true,"href":"https:\/\/sellmirror.com\/fr\/wp-json\/wp\/v2\/product_cat?post=425"},{"taxonomy":"product_tag","embeddable":true,"href":"https:\/\/sellmirror.com\/fr\/wp-json\/wp\/v2\/product_tag?post=425"}],"curies":[{"name":"wp","href":"https:\/\/api.w.org\/{rel}","templated":true}]}}