{"id":83,"date":"2022-04-12T08:01:58","date_gmt":"2022-04-12T08:01:58","guid":{"rendered":"https:\/\/startersites.io\/blocksy\/home-decor\/?post_type=product&#038;p=83"},"modified":"2025-12-02T07:55:33","modified_gmt":"2025-12-02T07:55:33","slug":"fabrication-darmoires-a-medecine","status":"publish","type":"product","link":"https:\/\/sellmirror.com\/fr\/produit\/fabrication-darmoires-a-medecine\/","title":{"rendered":"Usine de cabinets m\u00e9dicaux : Fabrication industrielle pour des solutions de stockage dans le secteur de la sant\u00e9"},"content":{"rendered":"<section class=\"production-overview\">\n<div class=\"overview-content\">\n<h1>Usine de cabinets m\u00e9dicaux : Fabrication industrielle pour des solutions de stockage dans le secteur de la sant\u00e9<\/h1>\n<p><img loading=\"lazy\" decoding=\"async\" class=\"alignnone size-medium wp-image-1061\" src=\"https:\/\/sellmirror.com\/wp-content\/uploads\/2025\/12\/mirror-cabinet-10-300x300.png\" alt=\"usine de cabinets m\u00e9dicaux\" width=\"300\" height=\"300\" srcset=\"https:\/\/sellmirror.com\/wp-content\/uploads\/2025\/12\/mirror-cabinet-10-300x300.png 300w, https:\/\/sellmirror.com\/wp-content\/uploads\/2025\/12\/mirror-cabinet-10-150x150.png 150w, https:\/\/sellmirror.com\/wp-content\/uploads\/2025\/12\/mirror-cabinet-10-768x768.png 768w, https:\/\/sellmirror.com\/wp-content\/uploads\/2025\/12\/mirror-cabinet-10-12x12.png 12w, https:\/\/sellmirror.com\/wp-content\/uploads\/2025\/12\/mirror-cabinet-10-600x600.png 600w, https:\/\/sellmirror.com\/wp-content\/uploads\/2025\/12\/mirror-cabinet-10-100x100.png 100w, https:\/\/sellmirror.com\/wp-content\/uploads\/2025\/12\/mirror-cabinet-10.png 1000w\" sizes=\"auto, (max-width: 300px) 100vw, 300px\" \/><img loading=\"lazy\" decoding=\"async\" class=\"alignnone size-medium wp-image-1071\" src=\"https:\/\/sellmirror.com\/wp-content\/uploads\/2025\/12\/mirror-cabinet-20-300x300.jpg\" alt=\"fabricant de placards \u00e0 miroir\" width=\"300\" height=\"300\" srcset=\"https:\/\/sellmirror.com\/wp-content\/uploads\/2025\/12\/mirror-cabinet-20-300x300.jpg 300w, https:\/\/sellmirror.com\/wp-content\/uploads\/2025\/12\/mirror-cabinet-20-150x150.jpg 150w, https:\/\/sellmirror.com\/wp-content\/uploads\/2025\/12\/mirror-cabinet-20-768x768.jpg 768w, https:\/\/sellmirror.com\/wp-content\/uploads\/2025\/12\/mirror-cabinet-20-12x12.jpg 12w, https:\/\/sellmirror.com\/wp-content\/uploads\/2025\/12\/mirror-cabinet-20-600x600.jpg 600w, https:\/\/sellmirror.com\/wp-content\/uploads\/2025\/12\/mirror-cabinet-20-100x100.jpg 100w, https:\/\/sellmirror.com\/wp-content\/uploads\/2025\/12\/mirror-cabinet-20.jpg 1000w\" sizes=\"auto, (max-width: 300px) 100vw, 300px\" \/><img loading=\"lazy\" decoding=\"async\" class=\"alignnone size-medium wp-image-1013\" src=\"https:\/\/sellmirror.com\/wp-content\/uploads\/2025\/12\/medicine-cabinet-16-247x300.jpg\" alt=\"armoire \u00e0 pharmacie de salle de bain\" width=\"247\" height=\"300\" srcset=\"https:\/\/sellmirror.com\/wp-content\/uploads\/2025\/12\/medicine-cabinet-16-247x300.jpg 247w, https:\/\/sellmirror.com\/wp-content\/uploads\/2025\/12\/medicine-cabinet-16-10x12.jpg 10w, https:\/\/sellmirror.com\/wp-content\/uploads\/2025\/12\/medicine-cabinet-16.jpg 510w\" sizes=\"auto, (max-width: 247px) 100vw, 247px\" \/><\/p>\n<p>Les usines de fabrication d'armoires m\u00e9dicales modernes repr\u00e9sentent des op\u00e9rations de fabrication sophistiqu\u00e9es qui combinent la science des mat\u00e9riaux avanc\u00e9e avec l'ing\u00e9nierie de pr\u00e9cision pour produire des solutions de stockage adapt\u00e9es \u00e0 divers environnements m\u00e9dicaux. Ces installations fonctionnent selon des syst\u00e8mes de gestion de la qualit\u00e9 rigoureux pour garantir que chaque armoire r\u00e9pond aux exigences strictes des applications de soins de sant\u00e9, des pharmacies hospitali\u00e8res aux salles d'examen clinique. Le processus de fabrication int\u00e8gre des technologies de production automatis\u00e9es avec un savoir-faire d'expert pour offrir des produits qui \u00e9quilibrent fonctionnalit\u00e9, durabilit\u00e9 et exigences en mati\u00e8re de contr\u00f4le des infections.<\/p>\n<div class=\"manufacturing-principles\">\n<h3>Capacit\u00e9s de fabrication avanc\u00e9es<\/h3>\n<p>Diriger <a href=\"https:\/\/sellmirror.com\/fr\/categorie-produit\/armoire-a-medicaments\/\">usine de cabinets m\u00e9dicaux<\/a> utiliser des syst\u00e8mes de fabrication int\u00e9gr\u00e9s \u00e0 l'ordinateur qui permettent une production de haute pr\u00e9cision avec une qualit\u00e9 de sortie constante. Ces installations fonctionnent g\u00e9n\u00e9ralement avec une surface de production de 10 000 \u00e0 50 000 m\u00e8tres carr\u00e9s, \u00e9quip\u00e9es de machines de poin\u00e7onnage CNC, de syst\u00e8mes de d\u00e9coupe laser, de bras de soudage robotis\u00e9s et de lignes de rev\u00eatement en poudre automatis\u00e9es. L'int\u00e9gration des principes de fabrication lean et des m\u00e9thodologies Six Sigma garantit des flux de production efficaces tout en maintenant des tol\u00e9rances dans une fourchette de \u00b10,1 mm sur tous les composants.<\/p>\n<\/div>\n<\/div>\n<div class=\"technical-visualization\"><\/div>\n<\/section>\n<section>\n<h2>S\u00e9lection des mat\u00e9riaux et sp\u00e9cifications techniques<\/h2>\n<p>Les caract\u00e9ristiques de performance de <a href=\"https:\/\/sellmirror.com\/fr\/categorie-produit\/armoire-a-medicaments\/\">meubles de salle de bain<\/a> sont fondamentalement d\u00e9termin\u00e9es par les mat\u00e9riaux s\u00e9lectionn\u00e9s lors du processus de fabrication. Les usines choisissent des mat\u00e9riaux en fonction des exigences fonctionnelles, des conditions environnementales et des besoins de conformit\u00e9 r\u00e9glementaire.<\/p>\n<table class=\"material-table\">\n<thead>\n<tr>\n<th>Type de mat\u00e9riel<\/th>\n<th>Propri\u00e9t\u00e9s techniques<\/th>\n<th>Sc\u00e9narios d'application<\/th>\n<th>Avantages de performance<\/th>\n<\/tr>\n<\/thead>\n<tbody>\n<tr>\n<td><strong>Acier inoxydable de grade 304<\/strong><\/td>\n<td>Alliage chrome-nickel, 18-20% Cr, contenu en Ni 8-10%<\/td>\n<td>Blocs op\u00e9ratoires de l'h\u00f4pital, zones de traitement st\u00e9rile<\/td>\n<td>Excellente r\u00e9sistance \u00e0 la corrosion, st\u00e9rilisation facile, haute r\u00e9sistance structurelle<\/td>\n<\/tr>\n<tr>\n<td><strong>Acier inoxydable chirurgical 316<\/strong><\/td>\n<td>Molybd\u00e8ne renforc\u00e9 (2-3%), r\u00e9sistance chimique sup\u00e9rieure<\/td>\n<td>Laboratoires pharmaceutiques, environnements de stockage de produits chimiques<\/td>\n<td>R\u00e9siste \u00e0 la corrosion acide et chlorur\u00e9e, id\u00e9al pour les d\u00e9sinfectants puissants<\/td>\n<\/tr>\n<tr>\n<td><strong>Polym\u00e8res de qualit\u00e9 m\u00e9dicale<\/strong><\/td>\n<td>Composites ABS\/PP avec des additifs antimicrobiens<\/td>\n<td>Armoires de chambre de patient, chariots de m\u00e9dicaments mobiles<\/td>\n<td>L\u00e9ger, r\u00e9sistant aux chocs, inhibe la croissance microbienne<\/td>\n<\/tr>\n<tr>\n<td><strong>Aluminium anodis\u00e9<\/strong><\/td>\n<td>Traitement de surface par oxydation \u00e9lectrolytique, \u00e9paisseur de 10 \u00e0 25 \u03bcm<\/td>\n<td>Salles d'examen clinique, cabinets dentaires<\/td>\n<td>Excellente combinaison poids\/tenacit\u00e9, r\u00e9sistant \u00e0 la corrosion, esth\u00e9tique moderne<\/td>\n<\/tr>\n<tr>\n<td><strong>Verre de s\u00e9curit\u00e9 tremp\u00e9<\/strong><\/td>\n<td>Trait\u00e9 thermiquement, \u00e9paisseur de 5-8 mm, 4 fois plus r\u00e9sistant que le verre standard<\/td>\n<td>Vitrines, applications de visibilit\u00e9 des m\u00e9dicaments<\/td>\n<td>Mod\u00e8le de rupture de s\u00e9curit\u00e9, clart\u00e9 cristalline, r\u00e9sistant aux rayures<\/td>\n<\/tr>\n<\/tbody>\n<\/table>\n<\/section>\n<section>\n<h2>Flux de production et processus de fabrication<\/h2>\n<p>La cr\u00e9ation de meubles m\u00e9dicaux de qualit\u00e9 suit un processus de fabrication syst\u00e9matique qui garantit pr\u00e9cision, qualit\u00e9 et conformit\u00e9 aux normes de sant\u00e9. Chaque \u00e9tape int\u00e8gre des technologies sp\u00e9cifiques et des points de contr\u00f4le qualit\u00e9.<\/p>\n<div class=\"capability-grid\">\n<div class=\"capability-card\">\n<h3>Conception num\u00e9rique et prototypage<\/h3>\n<p>Les logiciels de CAO avanc\u00e9s et les outils de mod\u00e9lisation 3D cr\u00e9ent des prototypes num\u00e9riques pr\u00e9cis avant le d\u00e9but de la production physique. Les usines utilisent la technologie d'impression 3D pour produire des prototypes fonctionnels pour l'approbation des clients et des tests ergonomiques, garantissant l'optimisation du design avant la production de masse. Cette phase comprend l'analyse structurelle, la validation de la s\u00e9lection des mat\u00e9riaux et les \u00e9tudes de faisabilit\u00e9 de fabrication.<\/p>\n<\/div>\n<div class=\"capability-card\">\n<h3>Traitement de Mat\u00e9riaux de Pr\u00e9cision<\/h3>\n<p>Les machines de d\u00e9coupe laser et les machines de poin\u00e7onnage CNC contr\u00f4l\u00e9es par ordinateur traitent les mati\u00e8res premi\u00e8res avec une pr\u00e9cision allant jusqu'\u00e0 \u00b10,05 mm. Les machines de pliage automatis\u00e9es avec bras robotiques forment les composants de cabinet avec une pr\u00e9cision angulaire constante, tandis que les \u00e9quipements de d\u00e9puration garantissent que tous les bords sont lisses et s\u00fbrs pour les environnements m\u00e9dicaux. Cette \u00e9tape transforme les mat\u00e9riaux en plaques plates en composants de cabinet parfaitement form\u00e9s.<\/p>\n<\/div>\n<div class=\"capability-card\">\n<h3><\/h3>\n<h3>Soudage et assemblage automatis\u00e9s<\/h3>\n<h3><img loading=\"lazy\" decoding=\"async\" class=\"alignnone size-medium wp-image-1011\" style=\"font-size: 16px;\" src=\"https:\/\/sellmirror.com\/wp-content\/uploads\/2025\/12\/medicine-cabinet-14-193x300.jpg\" alt=\"usine de cabinets m\u00e9dicaux\" width=\"193\" height=\"300\" srcset=\"https:\/\/sellmirror.com\/wp-content\/uploads\/2025\/12\/medicine-cabinet-14-193x300.jpg 193w, https:\/\/sellmirror.com\/wp-content\/uploads\/2025\/12\/medicine-cabinet-14-8x12.jpg 8w, https:\/\/sellmirror.com\/wp-content\/uploads\/2025\/12\/medicine-cabinet-14.jpg 567w\" sizes=\"auto, (max-width: 193px) 100vw, 193px\" \/><img loading=\"lazy\" decoding=\"async\" class=\"alignnone size-medium wp-image-1004\" src=\"https:\/\/sellmirror.com\/wp-content\/uploads\/2025\/12\/medicine-cabinet-7-235x300.jpg\" alt=\"usine de cabinets m\u00e9dicaux\" width=\"235\" height=\"300\" srcset=\"https:\/\/sellmirror.com\/wp-content\/uploads\/2025\/12\/medicine-cabinet-7-235x300.jpg 235w, https:\/\/sellmirror.com\/wp-content\/uploads\/2025\/12\/medicine-cabinet-7-9x12.jpg 9w, https:\/\/sellmirror.com\/wp-content\/uploads\/2025\/12\/medicine-cabinet-7-600x764.jpg 600w, https:\/\/sellmirror.com\/wp-content\/uploads\/2025\/12\/medicine-cabinet-7.jpg 624w\" sizes=\"auto, (max-width: 235px) 100vw, 235px\" \/><\/h3>\n<p>Les syst\u00e8mes de soudage robotique cr\u00e9ent des joints coh\u00e9rents et de haute r\u00e9sistance en utilisant les technologies de soudage TIG et MIG. Des gabarits d'assemblage automatis\u00e9s garantissent l'alignement des composants avec une tol\u00e9rance de 0,1 mm, tandis que des techniciens qualifi\u00e9s effectuent la v\u00e9rification de la qualit\u00e9 \u00e0 chaque station d'assemblage. Le processus comprend le pr\u00e9-assemblage des sous-syst\u00e8mes et l'int\u00e9gration du produit final avec l'installation du mat\u00e9riel.<\/p>\n<\/div>\n<div class=\"capability-card\">\n<h3>Traitement de surface et finition<\/h3>\n<p>Le pr\u00e9traitement multi-\u00e9tapes comprenant le d\u00e9graissage, le phosphatage et la passivation pr\u00e9pare les surfaces pour la finition. Le rev\u00eatement en poudre \u00e9lectrostatique automatis\u00e9 applique des finitions uniformes et durables avec un contr\u00f4le d'\u00e9paisseur de 60 \u00e0 80 \u03bcm, tandis que les rev\u00eatements durcis aux UV offrent une r\u00e9sistance chimique suppl\u00e9mentaire pour les environnements m\u00e9dicaux \u00e0 forte utilisation. Les fours de durcissement garantissent une adh\u00e9sion appropri\u00e9e et le d\u00e9veloppement de la duret\u00e9.<\/p>\n<\/div>\n<div class=\"capability-card\">\n<h3>Assurance qualit\u00e9 et tests<\/h3>\n<p>Les tests complets comprennent des tests de charge structurelle \u00e0 150% de capacit\u00e9 nominale, la v\u00e9rification de la duret\u00e9 de surface et la validation de la r\u00e9sistance chimique. Des inspections dimensionnelles utilisant des machines \u00e0 mesurer coordonn\u00e9es garantissent la conformit\u00e9 aux sp\u00e9cifications, tandis que les tests fonctionnels v\u00e9rifient le fonctionnement des portes, des m\u00e9canismes de verrouillage et des performances des accessoires. Chaque armoire subit une inspection finale avant l'emballage.<\/p>\n<\/div>\n<div class=\"capability-card\">\n<h3>Emballage et logistique<\/h3>\n<p>Des solutions d'emballage sur mesure int\u00e8grent des protecteurs d'angle et des mat\u00e9riaux de barri\u00e8re contre l'humidit\u00e9. Les syst\u00e8mes d'\u00e9tiquetage clairs comprennent l'identification des articles, les instructions de manipulation et les informations de destination, tandis que le suivi par code-barres permet une visibilit\u00e9 compl\u00e8te de la cha\u00eene d'approvisionnement. L'usine de cabinets m\u00e9dicaux coordonne avec les partenaires logistiques pour garantir un transport s\u00e9curis\u00e9 vers des destinations nationales et internationales.<\/p>\n<\/div>\n<\/div>\n<\/section>\n<section>\n<h2>Syst\u00e8mes de gestion de la qualit\u00e9 et certifications<\/h2>\n<p>Les fabricants de cabinets m\u00e9dicaux r\u00e9put\u00e9s maintiennent des syst\u00e8mes de gestion de la qualit\u00e9 complets qui garantissent une excellence produit constante et la conformit\u00e9 r\u00e9glementaire dans toutes les op\u00e9rations de fabrication.<\/p>\n<div class=\"process-steps\">\n<div class=\"process-step\">\n<h4>ISO 13485:2016<\/h4>\n<p>Certification du syst\u00e8me de gestion de la qualit\u00e9 des dispositifs m\u00e9dicaux sp\u00e9cifiquement con\u00e7ue pour les fabricants de produits de sant\u00e9, garantissant un design, une production et une livraison coh\u00e9rents de solutions de stockage m\u00e9dical s\u00fbres.<\/p>\n<\/div>\n<div class=\"process-step\">\n<h4>ISO 9001:2015<\/h4>\n<p>Certification du syst\u00e8me de gestion de la qualit\u00e9 couvrant tous les processus de fabrication, de l'approvisionnement en mat\u00e9riaux \u00e0 la livraison du produit final, garantissant l'am\u00e9lioration continue et la satisfaction du client.<\/p>\n<\/div>\n<div class=\"process-step\">\n<h4>Marquage CE<\/h4>\n<p>Certification de conformit\u00e9 europ\u00e9enne indiquant que les produits r\u00e9pondent aux exigences de s\u00e9curit\u00e9, de sant\u00e9 et de protection de l'environnement de l'UE pour les \u00e9quipements m\u00e9dicaux et le mobilier utilis\u00e9s dans les \u00e9tablissements de sant\u00e9.<\/p>\n<\/div>\n<div class=\"process-step\">\n<h4>Enregistrement FDA<\/h4>\n<p>Enregistrement aupr\u00e8s de la Food and Drug Administration des \u00c9tats-Unis pour les fabricants de dispositifs m\u00e9dicaux, garantissant la conformit\u00e9 aux bonnes pratiques de fabrication actuelles pour les produits de sant\u00e9.<\/p>\n<\/div>\n<\/div>\n<\/section>\n<section>\n<h2><img loading=\"lazy\" decoding=\"async\" class=\"alignnone size-medium wp-image-1070\" src=\"https:\/\/sellmirror.com\/wp-content\/uploads\/2025\/12\/mirror-cabinet-19-300x300.jpg\" alt=\"armoire \u00e0 pharmacie sur mesure\" width=\"300\" height=\"300\" srcset=\"https:\/\/sellmirror.com\/wp-content\/uploads\/2025\/12\/mirror-cabinet-19-300x300.jpg 300w, https:\/\/sellmirror.com\/wp-content\/uploads\/2025\/12\/mirror-cabinet-19-150x150.jpg 150w, https:\/\/sellmirror.com\/wp-content\/uploads\/2025\/12\/mirror-cabinet-19-768x768.jpg 768w, https:\/\/sellmirror.com\/wp-content\/uploads\/2025\/12\/mirror-cabinet-19-12x12.jpg 12w, https:\/\/sellmirror.com\/wp-content\/uploads\/2025\/12\/mirror-cabinet-19-600x600.jpg 600w, https:\/\/sellmirror.com\/wp-content\/uploads\/2025\/12\/mirror-cabinet-19-100x100.jpg 100w, https:\/\/sellmirror.com\/wp-content\/uploads\/2025\/12\/mirror-cabinet-19.jpg 1000w\" sizes=\"auto, (max-width: 300px) 100vw, 300px\" \/><\/h2>\n<h2>Capacit\u00e9s de personnalisation et services OEM\/ODM<\/h2>\n<p>Avanc\u00e9 <a href=\"https:\/\/sellmirror.com\/fr\/categorie-produit\/armoire-a-medicaments\/\">usine de cabinets m\u00e9dicaux<\/a> offrir des services de personnalisation complets pour r\u00e9pondre aux exigences sp\u00e9cifiques des clients, allant de modifications mineures au d\u00e9veloppement de produits totalement nouveaux.<\/p>\n<div class=\"capability-grid\">\n<div class=\"capability-card\">\n<h3>Personnalisation de la conception<\/h3>\n<p>Les usines proposent des services de conception sur mesure, y compris des modifications dimensionnelles, des changements de configuration des compartiments et une int\u00e9gration de mat\u00e9riel sp\u00e9cialis\u00e9. Les clients peuvent demander des correspondances de couleurs sp\u00e9cifiques, des \u00e9l\u00e9ments de branding et des caract\u00e9ristiques esth\u00e9tiques uniques pour s'aligner avec le sch\u00e9ma de conception de leur installation. Le soutien CAO permet la visualisation et le perfectionnement avant le d\u00e9but de la production.<\/p>\n<\/div>\n<div class=\"capability-card\">\n<h3>Adaptations Fonctionnelles<\/h3>\n<p>Les fonctionnalit\u00e9s fonctionnelles personnalis\u00e9es incluent des syst\u00e8mes de verrouillage sp\u00e9cialis\u00e9s pour les substances contr\u00f4l\u00e9es, des compartiments \u00e0 temp\u00e9rature contr\u00f4l\u00e9e pour le stockage des m\u00e9dicaments et un \u00e9clairage int\u00e9gr\u00e9 pour la visibilit\u00e9. Les usines peuvent int\u00e9grer des syst\u00e8mes d'organisation uniques, des configurations d'\u00e9tag\u00e8res r\u00e9glables et des solutions de montage sp\u00e9cialis\u00e9es pour divers environnements cliniques.<\/p>\n<\/div>\n<div class=\"capability-card\">\n<h3>Options de mat\u00e9riaux et de finition<\/h3>\n<p>Au-del\u00e0 des mat\u00e9riaux standards, les usines proposent des surfaces sp\u00e9cialis\u00e9es, y compris des rev\u00eatements antimicrobiens, des finitions r\u00e9sistantes aux produits chimiques et des traitements antistatiques. Les options de mat\u00e9riaux sur mesure incluent de l'acier inoxydable color\u00e9, des surfaces textur\u00e9es pour une meilleure prise en main et des mat\u00e9riaux r\u00e9pondant \u00e0 des normes sp\u00e9cifiques de r\u00e9sistance au feu pour les \u00e9tablissements de sant\u00e9.<\/p>\n<\/div>\n<\/div>\n<\/section>\n<section>\n<h2>Applications dans les environnements de sant\u00e9<\/h2>\n<p>Les armoires \u00e0 pharmacie remplissent des fonctions de stockage essentielles dans divers \u00e9tablissements de sant\u00e9, avec des designs optimis\u00e9s pour des cas d'utilisation sp\u00e9cifiques et des exigences op\u00e9rationnelles.<\/p>\n<table class=\"material-table\">\n<thead>\n<tr>\n<th>Cadre de sant\u00e9<\/th>\n<th>Sp\u00e9cifications du cabinet<\/th>\n<th>Caract\u00e9ristiques cl\u00e9s<\/th>\n<th>Consid\u00e9rations r\u00e9glementaires<\/th>\n<\/tr>\n<\/thead>\n<tbody>\n<tr>\n<td><strong>Pharmacies hospitali\u00e8res<\/strong><\/td>\n<td>Syst\u00e8mes de stockage \u00e0 grande \u00e9chelle avec acc\u00e8s s\u00e9curis\u00e9<\/td>\n<td>Syst\u00e8mes de verrouillage des substances contr\u00f4l\u00e9es, syst\u00e8mes de gestion des stocks<\/td>\n<td>Exigences de la DEA, conformit\u00e9 \u00e0 l'USP 800 pour les m\u00e9dicaments dangereux<\/td>\n<\/tr>\n<tr>\n<td><strong>Chambres d'examen clinique<\/strong><\/td>\n<td>Des armoires de taille mod\u00e9r\u00e9e avec une organisation proc\u00e9durale<\/td>\n<td>Compartiments d'acc\u00e8s rapide, stockage d'instruments<\/td>\n<td>Normes de contr\u00f4le des infections, exigences de nettoyabilit\u00e9<\/td>\n<\/tr>\n<tr>\n<td><strong>Suites chirurgicales<\/strong><\/td>\n<td>Armoires de proc\u00e9dures st\u00e9riles avec surfaces sans jointure<\/td>\n<td>Composants autoclavables, maintenance de la barri\u00e8re st\u00e9rile<\/td>\n<td>Normes AAMI ST79, exigences de la salle d'op\u00e9ration<\/td>\n<\/tr>\n<tr>\n<td><strong>Param\u00e8tres de laboratoire<\/strong><\/td>\n<td>Armoires r\u00e9sistantes aux produits chimiques avec ventilation<\/td>\n<td>Mat\u00e9riaux r\u00e9sistant \u00e0 la corrosion, gestion des fum\u00e9es<\/td>\n<td>Norme de laboratoire OSHA, directives de stockage des produits chimiques<\/td>\n<\/tr>\n<tr>\n<td><strong>\u00c9tablissements de soins de longue dur\u00e9e<\/strong><\/td>\n<td>Conceptions accessibles avec des caract\u00e9ristiques de s\u00e9curit\u00e9<\/td>\n<td>M\u00e9canismes de verrouillage, organisation \u00e0 acc\u00e8s facile<\/td>\n<td>Conformit\u00e9 ADA, r\u00e9glementations sur les soins aux personnes \u00e2g\u00e9es<\/td>\n<\/tr>\n<\/tbody>\n<\/table>\n<\/section>\n<section>\n<h2>Tendances futures dans <a href=\"https:\/\/sellmirror.com\/fr\/\">Fabrication de Cabinets M\u00e9dicaux<\/a><\/h2>\n<p>L'industrie des usines de cabinets m\u00e9dicaux continue d'\u00e9voluer avec des technologies \u00e9mergentes et des exigences changeantes en mati\u00e8re de sant\u00e9 qui stimulent l'innovation dans la conception des produits et les m\u00e9thodologies de production.<\/p>\n<div class=\"capability-grid\">\n<div class=\"capability-card\">\n<h3>Int\u00e9gration de l'armoire intelligente<\/h3>\n<p>Les usines avanc\u00e9es int\u00e8grent la technologie IoT pour la gestion des inventaires, la surveillance de la temp\u00e9rature et les syst\u00e8mes de contr\u00f4le d'acc\u00e8s. Ces armoires intelligentes disposent d'un suivi RFID, d'alertes de r\u00e9approvisionnement automatiques et d'analyses d'utilisation pour optimiser les processus de gestion des m\u00e9dicaments dans les \u00e9tablissements de sant\u00e9.<\/p>\n<\/div>\n<div class=\"capability-card\">\n<h3>Fabrication durable<\/h3>\n<p>Les consid\u00e9rations environnementales influencent de plus en plus les processus de fabrication, les usines mettant en \u0153uvre des syst\u00e8mes de production \u00e9co\u00e9nerg\u00e9tiques, des technologies de rev\u00eatement \u00e0 base d'eau et des options de mat\u00e9riaux recyclables. L'industrie \u00e9volue vers des principes d'\u00e9conomie circulaire avec des programmes de reprise et des initiatives de r\u00e9cup\u00e9ration des mat\u00e9riaux.<\/p>\n<\/div>\n<div class=\"capability-card\">\n<h3>Technologies antimicrobiennes avanc\u00e9es<\/h3>\n<p>Les traitements de surface de nouvelle g\u00e9n\u00e9ration incorporant la technologie des ions argent, les composites en alliage de cuivre et les surfaces antimicrobiennes activ\u00e9es par la lumi\u00e8re offrent un contr\u00f4le des infections am\u00e9lior\u00e9. Ces mat\u00e9riaux avanc\u00e9s inhibent la croissance des pathog\u00e8nes entre les nettoyages, soutenant les protocoles de pr\u00e9vention des infections \u00e0 l'h\u00f4pital.<\/p>\n<\/div>\n<\/div>\n<\/section>\n<p>\/<\/p>","protected":false},"excerpt":{"rendered":"<section class=\"ybc-p\"><strong>Ing\u00e9nierie de pr\u00e9cision pour des solutions de stockage en sant\u00e9<\/strong><\/section>\n<section class=\"ybc-p\">Ce processus de fabrication d'armoires m\u00e9dicales illustre l'excellence industrielle gr\u00e2ce \u00e0 des techniques de production avanc\u00e9es et un contr\u00f4le qualit\u00e9 rigoureux. L'usine d'armoires m\u00e9dicales utilise des syst\u00e8mes de d\u00e9coupe CNC automatis\u00e9s et une technologie de soudage robotique pour cr\u00e9er des armoires durables en acier inoxydable de qualit\u00e9 sup\u00e9rieure et en mat\u00e9riaux antimicrobiens. Chaque armoire subit une v\u00e9rification qualit\u00e9 en 12 \u00e9tapes, incluant des tests de r\u00e9sistance, des contr\u00f4les de l'int\u00e9grit\u00e9 de la surface et une validation hygi\u00e9nique. Avec des capacit\u00e9s compl\u00e8tes de fabrication OEM\/ODM et une certification ISO 13485, notre usine propose des solutions de rangement personnalis\u00e9es qui r\u00e9pondent aux exigences strictes des h\u00f4pitaux, cliniques et environnements de laboratoire \u00e0 travers le monde.<\/section>\n<div class=\"wp-block-stackable-button-group stk-block-button-group stk-block stk-6b6ab5a\" data-block-id=\"6b6ab5a\">\n<div class=\"stk-row stk-inner-blocks stk-block-content stk-button-group\">\n<p><!-- wp:stackable\/button {\"uniqueId\":\"c24101b\",\"openPopupId\":\"681\"} --><\/p>\n<div class=\"wp-block-stackable-button stk-block-button popmake-681 stk-block stk-c24101b popmake-681\" data-block-id=\"c24101b\"><a class=\"stk-link stk-button stk--hover-effect-darken\"><span class=\"stk-button__inner-text\">Besoin d'un devis<\/span><\/a><\/div>\n<p><!-- \/wp:stackable\/button --><\/p>\n<\/div>\n<\/div>","protected":false},"featured_media":1034,"template":"","meta":[],"product_brand":[],"product_cat":[35],"product_tag":[],"class_list":{"0":"post-83","1":"product","2":"type-product","3":"status-publish","4":"has-post-thumbnail","6":"product_cat-medicine-cabinet","8":"first","9":"instock","10":"shipping-taxable","11":"product-type-simple"},"_links":{"self":[{"href":"https:\/\/sellmirror.com\/fr\/wp-json\/wp\/v2\/product\/83","targetHints":{"allow":["GET"]}}],"collection":[{"href":"https:\/\/sellmirror.com\/fr\/wp-json\/wp\/v2\/product"}],"about":[{"href":"https:\/\/sellmirror.com\/fr\/wp-json\/wp\/v2\/types\/product"}],"wp:featuredmedia":[{"embeddable":true,"href":"https:\/\/sellmirror.com\/fr\/wp-json\/wp\/v2\/media\/1034"}],"wp:attachment":[{"href":"https:\/\/sellmirror.com\/fr\/wp-json\/wp\/v2\/media?parent=83"}],"wp:term":[{"taxonomy":"product_brand","embeddable":true,"href":"https:\/\/sellmirror.com\/fr\/wp-json\/wp\/v2\/product_brand?post=83"},{"taxonomy":"product_cat","embeddable":true,"href":"https:\/\/sellmirror.com\/fr\/wp-json\/wp\/v2\/product_cat?post=83"},{"taxonomy":"product_tag","embeddable":true,"href":"https:\/\/sellmirror.com\/fr\/wp-json\/wp\/v2\/product_tag?post=83"}],"curies":[{"name":"wp","href":"https:\/\/api.w.org\/{rel}","templated":true}]}}